{"id":577,"date":"2022-06-10T08:29:34","date_gmt":"2022-06-10T07:29:34","guid":{"rendered":"https:\/\/trancescience.org\/?page_id=577"},"modified":"2022-09-24T20:27:14","modified_gmt":"2022-09-24T19:27:14","slug":"congres-la-transe-paris-le-grand-rex-20220401","status":"publish","type":"page","link":"https:\/\/trancescience.org\/fr\/evenements-a-venir-et-passes\/congres-la-transe-paris-le-grand-rex-20220401\/","title":{"rendered":"Congr\u00e8s La Transe &#8211; Paris, Le Grand Rex, 01\/04\/2022"},"content":{"rendered":"<h1>La Transe : Science, Arts, Sant\u00e9 <\/h1>\n<div>\n<p>Le Grand Rex, Paris &#8211; 01\/04\/2022 <br \/><small>Premier congr\u00e8s sur la Transe Cognitive Auto-Induite<\/small><\/p>\n<\/div>\n<div>\n<h2>Revivre l&rsquo;\u00e9v\u00e9nement<\/h2>\n<p>Replay<\/p>\n<div>\n<p class=\"x_MsoNormal\"><span>Pour la premi\u00e8re fois, 17 chercheurs, cliniciens et artistes, ont pr\u00e9sent\u00e9 leurs d\u00e9couvertes et explorations de la Transe Cognitive Auto-Induite dans les domaines de la science, des arts et de la sant\u00e9. Leurs t\u00e9moignages ont pris la forme de standups, de films, de performances et de tables rondes.<\/span><span>\u00a0<\/span><\/p>\n<p class=\"x_p1\"><span>Retrouvez l\u2019int\u00e9gralit\u00e9 de l\u2019\u00e9v\u00e9nement disponible en fran\u00e7ais et en anglais sous-titr\u00e9, ainsi que toutes les interventions des participants en format court.<\/span><\/p>\n<\/div>\n<\/div>\n<p>\n    <a href=\"https:\/\/vimeo.com\/ondemand\/trancescience\/\">D\u00e9couvrir les vid\u00e9os<\/a>\n<\/p>\n<p><iframe src=\"https:\/\/player.vimeo.com\/video\/749992746\"><\/iframe><br \/>\n<img decoding=\"async\" src=\"\/wp-content\/uploads\/La-transe-science-arts-sante-Colloque-Paris-Le-Grand-Rex-20220401-Affiche.jpg\" alt=\"La Transe : Science, Arts, Sante - Colloque au Grand Rex, Paris - 01\/04\/2022\"><\/p>\n<ul>\n<li>\n<p>        <img decoding=\"async\" src=\"\/wp-content\/uploads\/GrandRexMain01.jpg\" alt=\"Conf\u00e9rence TranceScience Grand Rex Paris\"><\/p>\n<h3>GrandRexMain01<\/h3>\n<\/li>\n<li>\n<p>        <img decoding=\"async\" src=\"\/wp-content\/uploads\/GrandRexCorineSombrun.jpg\" alt=\"Conf\u00e9rence TranceScience Grand Rex Paris\"><\/p>\n<h3>GrandRexCorineSombrun<\/h3>\n<\/li>\n<li>\n<p>        <img decoding=\"async\" src=\"\/wp-content\/uploads\/GrandRexGroup.jpg\" alt=\"Conf\u00e9rence TranceScience Grand Rex Paris\"><\/p>\n<h3>GrandRexGroup<\/h3>\n<\/li>\n<li>\n<p>        <img decoding=\"async\" src=\"\/wp-content\/uploads\/GrandRexMain02.jpg\" alt=\"Conf\u00e9rence TranceScience Grand Rex Paris\"><\/p>\n<h3>GrandRexMain02<\/h3>\n<\/li>\n<\/ul>\n<div>\n<p><span>Le premier Congre\u0300s sur la Transe cognitive s\u2019est tenu \u00e0 Paris dans la salle mythique du Grand Rex. Un \u00e9pisode fondateur pour l\u2019Institut de recherche TranceScience, mais e\u0301galement pour tous les partenaires engag\u00e9s au c\u00f4te\u0301 de la recherche sur la Transe Cognitive Auto-Induite. <\/span><\/p>\n<p><span>Lors de cet e\u0301ve\u0301nement, chercheurs, cliniciens et artistes se sont succe\u0301de\u0301s sur sce\u0300ne pour faire part des avanc\u00e9es scientifiques, mais e\u0301galement de leurs expe\u0301riences personnelles de la Transe Cognitive. La soire\u0301e a e\u0301te\u0301 ponctue\u0301e par des t\u00e9moignages film\u00e9s ainsi que deux tables rondes, anime\u0301es par des membres de la Fe\u0301de\u0301ration Franc\u0327aise des Sciences de la Cognition (FRESCO). Un \u00e9v\u00e9nement \u00e0 revivre et \u00e0 partager.<\/span><\/p>\n<\/div>\n<h2>Besoin de plus d&rsquo;informations ?<\/h2>\n<div>\n<p><span>N&rsquo;h\u00e9sitez pas \u00e0 nous adresser vos demandes<\/span><\/p>\n<\/div>\n<p>\n    <a href=\"\/fr\/nous-contacter\/\">Nous contacter<\/a>\n<\/p>\n<h2>Envie de nous soutenir ?<\/h2>\n<div>\n<p><span>Vous pouvez nous aider gr\u00e2ce \u00e0 un don en ligne et 100% s\u00e9curis\u00e9<\/span><\/p>\n<\/div>\n<p>\n    <a href=\"\/fr\/nous-soutenir\/\">Faire un don<\/a>\n<\/p>\n<p><!--more--><br \/>\n<!-- {\"name\":\"Page FR \\\"\\u00c9v\\u00e9nements\\\" (v. 3)\",\"type\":\"layout\",\"children\":[{\"name\":\"Hero\",\"type\":\"section\",\"props\":{\"width\":\"default\",\"style\":\"default\",\"image\":\"wp-content\\\/uploads\\\/TranceScience-Banner-half-height-02.jpg\",\"header_transparent\":\"light\",\"text_color\":\"light\",\"image_size\":\"cover\",\"media_background\":\"#fff\",\"media_overlay\":\"rgba(0,0,0,0)\",\"image_fixed\":false,\"animation\":\"slide-left-medium\",\"image_position\":\"center-center\",\"vertical_align\":\"middle\",\"title_position\":\"top-left\",\"title_rotation\":\"left\",\"title_breakpoint\":\"xl\",\"image_width\":\"2560\",\"padding\":\"xlarge\",\"header_transparent_noplaceholder\":true},\"children\":[{\"name\":\"\",\"type\":\"row\",\"children\":[{\"name\":\"\",\"type\":\"column\",\"props\":{\"image_position\":\"center-center\",\"media_overlay_gradient\":\"\",\"width_medium\":\"1-1\",\"position_sticky_breakpoint\":\"m\"},\"children\":[{\"name\":\"\",\"type\":\"headline\",\"props\":{\"title_element\":\"h1\",\"content\":\"La Transe : Science, Arts, Sant\\u00e9 \",\"maxwidth\":\"2xlarge\"}},{\"name\":\"\",\"type\":\"text\",\"props\":{\"margin\":\"default\",\"content\":\"\n\n<p>Le Grand Rex, Paris - 01\\\/04\\\/2022 <br \\\/><small>Premier congr\\u00e8s sur la Transe Cognitive Auto-Induite<\\\/small><\\\/p>\",\"maxwidth\":\"2xlarge\",\"column_breakpoint\":\"m\",\"text_style\":\"lead\"}}]}]}]},{\"name\":\"Content\",\"type\":\"section\",\"props\":{\"width\":\"default\",\"padding\":\"large\",\"style\":\"muted\",\"image_size\":\"cover\",\"animation\":\"slide-left-medium\",\"image_position\":\"center-center\",\"vertical_align\":\"middle\",\"title_position\":\"top-left\",\"title_rotation\":\"left\",\"title_breakpoint\":\"xl\",\"id\":\"content\",\"padding_remove_top\":false},\"children\":[{\"name\":\"\",\"type\":\"row\",\"props\":{\"layout\":\"1-3,2-3\",\"vertical_align\":true,\"column_gap\":\"large\",\"row_gap\":\"large\"},\"children\":[{\"name\":\"\",\"type\":\"column\",\"props\":{\"image_position\":\"center-center\",\"media_overlay_gradient\":\"\",\"width_medium\":\"1-3\",\"position_sticky_breakpoint\":\"m\"},\"children\":[{\"name\":\"\",\"type\":\"panel\",\"props\":{\"title_element\":\"h2\",\"content\":\"\n\n<p class=\\\"x_MsoNormal\\\"><span>Pour la premi\\u00e8re fois, 17 chercheurs, cliniciens et artistes, ont pr\\u00e9sent\\u00e9 leurs d\\u00e9couvertes et explorations de la Transe Cognitive Auto-Induite dans les domaines de la science, des arts et de la sant\\u00e9. Leurs t\\u00e9moignages ont pris la forme de standups, de films, de performances et de tables rondes.<\\\/span><span>\\u00a0<\\\/span><\\\/p>\\n\n\n<p class=\\\"x_p1\\\"><span>Retrouvez l\\u2019int\\u00e9gralit\\u00e9 de l\\u2019\\u00e9v\\u00e9nement disponible en fran\\u00e7ais et en anglais sous-titr\\u00e9, ainsi que toutes les interventions des participants en format court.<\\\/span><\\\/p>\",\"title\":\"Revivre l'\\u00e9v\\u00e9nement\",\"title_style\":\"h1\",\"link_target\":false,\"link\":\"\",\"link_style\":\"primary\",\"link_text\":\"Nous contacter\",\"margin\":\"default\",\"image_align\":\"top\",\"image_grid_width\":\"1-2\",\"meta_style\":\"h6\",\"meta_align\":\"above-title\",\"meta\":\"Replay\",\"image_svg_color\":\"emphasis\",\"title_align\":\"top\",\"title_grid_width\":\"1-2\",\"title_hover_style\":\"reset\",\"meta_color\":\"primary\",\"text_align\":\"left\",\"title_grid_breakpoint\":\"m\",\"image_grid_breakpoint\":\"m\",\"icon_width\":80,\"content_column_breakpoint\":\"m\",\"meta_element\":\"div\",\"icon\":\"\",\"panel_card_size\":\"large\"}},{\"type\":\"button\",\"props\":{\"grid_column_gap\":\"small\",\"grid_row_gap\":\"small\",\"margin\":\"default\",\"text_align\":\"left\",\"text_align_breakpoint\":\"m\",\"text_align_fallback\":\"center\",\"button_size\":\"large\",\"fullwidth\":true},\"children\":[{\"type\":\"button_item\",\"props\":{\"button_style\":\"primary\",\"icon_align\":\"left\",\"content\":\"D\\u00e9couvrir les vid\\u00e9os\",\"link\":\"https:\\\/\\\/vimeo.com\\\/ondemand\\\/trancescience\\\/\",\"link_title\":\"Acc\\u00e9der \\u00e0 la vid\\u00e9o en VOD\",\"link_target\":\"blank\",\"icon\":\"vimeo\"}}]}]},{\"name\":\"\",\"type\":\"column\",\"props\":{\"image_position\":\"center-center\",\"vertical_align\":\"middle\",\"media_overlay_gradient\":\"\",\"width_medium\":\"2-3\",\"position_sticky_breakpoint\":\"m\"},\"children\":[{\"type\":\"video\",\"props\":{\"video_controls\":true,\"margin\":\"default\",\"video\":\"https:\\\/\\\/player.vimeo.com\\\/video\\\/749992746\",\"video_width\":\"1280\",\"video_box_decoration\":\"shadow\"}}]}]},{\"type\":\"row\",\"props\":{\"margin\":\"medium\"},\"children\":[{\"type\":\"column\",\"props\":{\"position_sticky_breakpoint\":\"m\",\"image_position\":\"center-center\",\"media_overlay_gradient\":\"\"},\"children\":[]}]},{\"name\":\"\",\"type\":\"row\",\"props\":{\"layout\":\"1-3,2-3\",\"vertical_align\":true,\"column_gap\":\"large\",\"row_gap\":\"large\"},\"children\":[{\"name\":\"\",\"type\":\"column\",\"props\":{\"image_position\":\"center-center\",\"media_overlay_gradient\":\"\",\"width_medium\":\"1-3\",\"position_sticky_breakpoint\":\"m\",\"vertical_align\":\"middle\"},\"children\":[{\"type\":\"image\",\"props\":{\"margin\":\"default\",\"image_svg_color\":\"emphasis\",\"image\":\"wp-content\\\/uploads\\\/La-transe-science-arts-sante-Colloque-Paris-Le-Grand-Rex-20220401-Affiche.jpg\",\"image_alt\":\"La Transe : Science, Arts, Sante - Colloque au Grand Rex, Paris - 01\\\/04\\\/2022\",\"text_align\":\"center\",\"maxwidth\":\"large\",\"block_align\":\"center\"}}]},{\"name\":\"\",\"type\":\"column\",\"props\":{\"image_position\":\"center-center\",\"vertical_align\":\"middle\",\"media_overlay_gradient\":\"\",\"width_medium\":\"2-3\",\"position_sticky_breakpoint\":\"m\",\"order_first\":\"m\"},\"children\":[{\"type\":\"gallery\",\"props\":{\"show_title\":false,\"show_meta\":false,\"show_content\":false,\"show_link\":false,\"show_hover_image\":false,\"grid_default\":\"1\",\"grid_medium\":\"\",\"filter_style\":\"tab\",\"filter_all\":true,\"filter_position\":\"top\",\"filter_align\":\"left\",\"filter_grid_width\":\"auto\",\"filter_grid_breakpoint\":\"m\",\"overlay_mode\":\"cover\",\"overlay_hover\":true,\"overlay_style\":\"\",\"text_color\":\"light\",\"overlay_position\":\"center\",\"overlay_transition\":\"fade\",\"title_hover_style\":\"reset\",\"title_element\":\"h3\",\"meta_style\":\"meta\",\"meta_align\":\"below-title\",\"meta_element\":\"div\",\"link_text\":\"Voir\",\"link_style\":\"default\",\"text_align\":\"center\",\"margin\":\"default\",\"item_animation\":true,\"grid_small\":\"2\",\"lightbox\":true,\"title_display\":\"lightbox\",\"content_display\":\"lightbox\",\"image_box_shadow\":\"small\",\"image_hover_box_shadow\":\"large\"},\"children\":[{\"type\":\"gallery_item\",\"props\":{\"title\":\"GrandRexMain01\",\"image\":\"wp-content\\\/uploads\\\/GrandRexMain01.jpg\",\"image_alt\":\"Conf\\u00e9rence TranceScience Grand Rex Paris\"}},{\"type\":\"gallery_item\",\"props\":{\"title\":\"GrandRexCorineSombrun\",\"image\":\"wp-content\\\/uploads\\\/GrandRexCorineSombrun.jpg\",\"image_alt\":\"Conf\\u00e9rence TranceScience Grand Rex Paris\"}},{\"type\":\"gallery_item\",\"props\":{\"title\":\"GrandRexGroup\",\"image\":\"wp-content\\\/uploads\\\/GrandRexGroup.jpg\",\"image_alt\":\"Conf\\u00e9rence TranceScience Grand Rex Paris\"}},{\"type\":\"gallery_item\",\"props\":{\"title\":\"GrandRexMain02\",\"image\":\"wp-content\\\/uploads\\\/GrandRexMain02.jpg\",\"image_alt\":\"Conf\\u00e9rence TranceScience Grand Rex Paris\"}}]}]}]}]},{\"type\":\"section\",\"props\":{\"style\":\"default\",\"width\":\"default\",\"vertical_align\":\"middle\",\"title_position\":\"top-left\",\"title_rotation\":\"left\",\"title_breakpoint\":\"xl\",\"image_position\":\"center-center\"},\"children\":[{\"type\":\"row\",\"children\":[{\"type\":\"column\",\"props\":{\"position_sticky_breakpoint\":\"m\",\"image_position\":\"center-center\",\"media_overlay_gradient\":\"\"},\"children\":[{\"type\":\"text\",\"props\":{\"margin\":\"remove-vertical\",\"column_breakpoint\":\"m\",\"content\":\"\n\n<p><span>Le premier Congre\\u0300s sur la Transe cognitive s\\u2019est tenu \\u00e0 Paris dans la salle mythique du Grand Rex. Un \\u00e9pisode fondateur pour l\\u2019Institut de recherche TranceScience, mais e\\u0301galement pour tous les partenaires engag\\u00e9s au c\\u00f4te\\u0301 de la recherche sur la Transe Cognitive Auto-Induite. <\\\/span><\\\/p>\\n\n\n<p><span>Lors de cet e\\u0301ve\\u0301nement, chercheurs, cliniciens et artistes se sont succe\\u0301de\\u0301s sur sce\\u0300ne pour faire part des avanc\\u00e9es scientifiques, mais e\\u0301galement de leurs expe\\u0301riences personnelles de la Transe Cognitive. La soire\\u0301e a e\\u0301te\\u0301 ponctue\\u0301e par des t\\u00e9moignages film\\u00e9s ainsi que deux tables rondes, anime\\u0301es par des membres de la Fe\\u0301de\\u0301ration Franc\\u0327aise des Sciences de la Cognition (FRESCO). Un \\u00e9v\\u00e9nement \\u00e0 revivre et \\u00e0 partager.<\\\/span><\\\/p>\"}}]}]}],\"name\":\"Outro\"},{\"name\":\"Call to action\",\"type\":\"section\",\"props\":{\"width\":\"default\",\"padding\":\"large\",\"style\":\"muted\",\"image_size\":\"cover\",\"animation\":\"slide-bottom-medium\",\"animation_delay\":\"200\",\"image_position\":\"center-center\",\"vertical_align\":\"middle\",\"title_position\":\"top-left\",\"title_rotation\":\"left\",\"title_breakpoint\":\"xl\"},\"children\":[{\"name\":\"\",\"type\":\"row\",\"props\":{\"layout\":\"1-2,1-2\",\"divider\":true},\"children\":[{\"name\":\"\",\"type\":\"column\",\"props\":{\"image_position\":\"center-center\",\"media_overlay_gradient\":\"\",\"width_medium\":\"1-2\",\"position_sticky_breakpoint\":\"m\"},\"children\":[{\"name\":\"\",\"type\":\"headline\",\"props\":{\"title_element\":\"h2\",\"text_align\":\"center\",\"content\":\"Besoin de plus d'informations ?\",\"title_style\":\"h3\"}},{\"name\":\"\",\"type\":\"text\",\"props\":{\"margin\":\"default\",\"content\":\"\n\n<p><span>N'h\\u00e9sitez pas \\u00e0 nous adresser vos demandes<\\\/span><\\\/p>\",\"text_align\":\"center\",\"column_breakpoint\":\"m\"}},{\"name\":\"\",\"type\":\"button\",\"props\":{\"margin\":\"default\",\"text_align\":\"center\",\"grid_column_gap\":\"small\",\"grid_row_gap\":\"small\"},\"children\":[{\"name\":\"\",\"type\":\"button_item\",\"props\":{\"button_style\":\"primary\",\"content\":\"Nous contacter\",\"link\":\"fr\\\/nous-contacter\\\/\",\"icon_align\":\"left\",\"link_title\":\"Nous contacter\"}}]}]},{\"name\":\"\",\"type\":\"column\",\"props\":{\"image_position\":\"center-center\",\"media_overlay_gradient\":\"\",\"width_medium\":\"1-2\",\"position_sticky_breakpoint\":\"m\"},\"children\":[{\"name\":\"\",\"type\":\"headline\",\"props\":{\"title_element\":\"h2\",\"text_align\":\"center\",\"content\":\"Envie de nous soutenir ?\",\"title_style\":\"h3\"}},{\"name\":\"\",\"type\":\"text\",\"props\":{\"margin\":\"default\",\"content\":\"\n\n<p><span>Vous pouvez nous aider gr\\u00e2ce \\u00e0 un don en ligne et 100% s\\u00e9curis\\u00e9<\\\/span><\\\/p>\",\"text_align\":\"center\",\"column_breakpoint\":\"m\"}},{\"name\":\"\",\"type\":\"button\",\"props\":{\"margin\":\"default\",\"text_align\":\"center\",\"grid_column_gap\":\"small\",\"grid_row_gap\":\"small\"},\"children\":[{\"name\":\"\",\"type\":\"button_item\",\"props\":{\"button_style\":\"primary\",\"content\":\"Faire un don\",\"link\":\"fr\\\/nous-soutenir\\\/\",\"icon_align\":\"left\",\"link_title\":\"Faire un don\"}}]}]}]}],\"modified\":\"2021-03-13T12:16:37.863Z\"}],\"version\":\"2.7.21\"} --><\/p>\n","protected":false},"excerpt":{"rendered":"<p>La Transe : Science, Arts, Sant\u00e9 Le Grand Rex, Paris &#8211; 01\/04\/2022 Premier congr\u00e8s sur la Transe Cognitive Auto-Induite Revivre l&rsquo;\u00e9v\u00e9nement Replay Pour la premi\u00e8re fois, 17 chercheurs, cliniciens et artistes, ont pr\u00e9sent\u00e9 leurs d\u00e9couvertes et explorations de la Transe Cognitive Auto-Induite dans les domaines de la science, des arts et de la sant\u00e9. Leurs [&hellip;]<\/p>\n","protected":false},"author":5,"featured_media":0,"parent":39,"menu_order":0,"comment_status":"closed","ping_status":"closed","template":"","meta":{"footnotes":""},"class_list":["post-577","page","type-page","status-publish","hentry"],"yoast_head":"<!-- This site is optimized with the Yoast SEO plugin v27.4 - https:\/\/yoast.com\/product\/yoast-seo-wordpress\/ -->\n<title>Congr\u00e8s La Transe - Paris, Le Grand Rex, 01\/04\/2022 - TranceScience<\/title>\n<meta name=\"robots\" content=\"noindex, nofollow\" \/>\n<meta property=\"og:locale\" content=\"fr_FR\" \/>\n<meta property=\"og:type\" content=\"article\" \/>\n<meta property=\"og:title\" content=\"Congr\u00e8s La Transe - Paris, Le Grand Rex\" \/>\n<meta property=\"og:description\" content=\"La Transe : Science, Arts, Sant\u00e9 Le Grand Rex, Paris &#8211; 01\/04\/2022 Premier congr\u00e8s sur la Transe Cognitive Auto-Induite Revivre l&rsquo;\u00e9v\u00e9nement Replay Pour la premi\u00e8re fois, 17 chercheurs, cliniciens et artistes, ont pr\u00e9sent\u00e9 leurs d\u00e9couvertes et explorations de la Transe Cognitive Auto-Induite dans les domaines de la science, des arts et de la sant\u00e9. Leurs [&hellip;]\" \/>\n<meta property=\"og:url\" content=\"https:\/\/trancescience.org\/fr\/evenements-a-venir-et-passes\/congres-la-transe-paris-le-grand-rex-20220401\/\" \/>\n<meta property=\"og:site_name\" content=\"TranceScience\" \/>\n<meta property=\"article:modified_time\" content=\"2022-09-24T19:27:14+00:00\" \/>\n<meta property=\"og:image\" content=\"https:\/\/trancescience.org\/wp-content\/uploads\/ReplayThumbnail.jpg\" \/>\n\t<meta property=\"og:image:width\" content=\"1280\" \/>\n\t<meta property=\"og:image:height\" content=\"720\" \/>\n\t<meta property=\"og:image:type\" content=\"image\/jpeg\" \/>\n<meta name=\"twitter:card\" content=\"summary_large_image\" \/>\n<meta name=\"twitter:title\" content=\"Congr\u00e8s La Transe - Paris, Le Grand Rex\" \/>\n<meta name=\"twitter:image\" content=\"https:\/\/trancescience.org\/wp-content\/uploads\/ReplayThumbnail.jpg\" \/>\n<meta name=\"twitter:label1\" content=\"Dur\u00e9e de lecture estim\u00e9e\" \/>\n\t<meta name=\"twitter:data1\" content=\"1 minute\" \/>\n<script type=\"application\/ld+json\" class=\"yoast-schema-graph\">{\"@context\":\"https:\\\/\\\/schema.org\",\"@graph\":[{\"@type\":\"WebPage\",\"@id\":\"https:\\\/\\\/trancescience.org\\\/fr\\\/evenements-a-venir-et-passes\\\/congres-la-transe-paris-le-grand-rex-20220401\\\/\",\"url\":\"https:\\\/\\\/trancescience.org\\\/fr\\\/evenements-a-venir-et-passes\\\/congres-la-transe-paris-le-grand-rex-20220401\\\/\",\"name\":\"Congr\u00e8s La Transe - Paris, Le Grand Rex, 01\\\/04\\\/2022 - TranceScience\",\"isPartOf\":{\"@id\":\"https:\\\/\\\/trancescience.org\\\/fr\\\/#website\"},\"datePublished\":\"2022-06-10T07:29:34+00:00\",\"dateModified\":\"2022-09-24T19:27:14+00:00\",\"breadcrumb\":{\"@id\":\"https:\\\/\\\/trancescience.org\\\/fr\\\/evenements-a-venir-et-passes\\\/congres-la-transe-paris-le-grand-rex-20220401\\\/#breadcrumb\"},\"inLanguage\":\"fr-FR\",\"potentialAction\":[{\"@type\":\"ReadAction\",\"target\":[\"https:\\\/\\\/trancescience.org\\\/fr\\\/evenements-a-venir-et-passes\\\/congres-la-transe-paris-le-grand-rex-20220401\\\/\"]}]},{\"@type\":\"BreadcrumbList\",\"@id\":\"https:\\\/\\\/trancescience.org\\\/fr\\\/evenements-a-venir-et-passes\\\/congres-la-transe-paris-le-grand-rex-20220401\\\/#breadcrumb\",\"itemListElement\":[{\"@type\":\"ListItem\",\"position\":1,\"name\":\"Accueil\",\"item\":\"https:\\\/\\\/trancescience.org\\\/fr\\\/\"},{\"@type\":\"ListItem\",\"position\":2,\"name\":\"\u00c9v\u00e8nements\",\"item\":\"https:\\\/\\\/trancescience.org\\\/fr\\\/evenements-a-venir-et-passes\\\/\"},{\"@type\":\"ListItem\",\"position\":3,\"name\":\"Congr\u00e8s La Transe &#8211; Paris, Le Grand Rex, 01\\\/04\\\/2022\"}]},{\"@type\":\"WebSite\",\"@id\":\"https:\\\/\\\/trancescience.org\\\/fr\\\/#website\",\"url\":\"https:\\\/\\\/trancescience.org\\\/fr\\\/\",\"name\":\"TranceScience\",\"description\":\"\",\"publisher\":{\"@id\":\"https:\\\/\\\/trancescience.org\\\/fr\\\/#organization\"},\"potentialAction\":[{\"@type\":\"SearchAction\",\"target\":{\"@type\":\"EntryPoint\",\"urlTemplate\":\"https:\\\/\\\/trancescience.org\\\/fr\\\/?s={search_term_string}\"},\"query-input\":{\"@type\":\"PropertyValueSpecification\",\"valueRequired\":true,\"valueName\":\"search_term_string\"}}],\"inLanguage\":\"fr-FR\"},{\"@type\":\"Organization\",\"@id\":\"https:\\\/\\\/trancescience.org\\\/fr\\\/#organization\",\"name\":\"TranceScience Research Institute\",\"url\":\"https:\\\/\\\/trancescience.org\\\/fr\\\/\",\"logo\":{\"@type\":\"ImageObject\",\"inLanguage\":\"fr-FR\",\"@id\":\"https:\\\/\\\/trancescience.org\\\/fr\\\/#\\\/schema\\\/logo\\\/image\\\/\",\"url\":\"https:\\\/\\\/trancescience.org\\\/wp-content\\\/uploads\\\/TranceScience-Logo-horizontal-rectangle.png\",\"contentUrl\":\"https:\\\/\\\/trancescience.org\\\/wp-content\\\/uploads\\\/TranceScience-Logo-horizontal-rectangle.png\",\"width\":960,\"height\":640,\"caption\":\"TranceScience Research Institute\"},\"image\":{\"@id\":\"https:\\\/\\\/trancescience.org\\\/fr\\\/#\\\/schema\\\/logo\\\/image\\\/\"}}]}<\/script>\n<!-- \/ Yoast SEO plugin. -->","yoast_head_json":{"title":"Congr\u00e8s La Transe - Paris, Le Grand Rex, 01\/04\/2022 - TranceScience","robots":{"index":"noindex","follow":"nofollow"},"og_locale":"fr_FR","og_type":"article","og_title":"Congr\u00e8s La Transe - Paris, Le Grand Rex","og_description":"La Transe : Science, Arts, Sant\u00e9 Le Grand Rex, Paris &#8211; 01\/04\/2022 Premier congr\u00e8s sur la Transe Cognitive Auto-Induite Revivre l&rsquo;\u00e9v\u00e9nement Replay Pour la premi\u00e8re fois, 17 chercheurs, cliniciens et artistes, ont pr\u00e9sent\u00e9 leurs d\u00e9couvertes et explorations de la Transe Cognitive Auto-Induite dans les domaines de la science, des arts et de la sant\u00e9. Leurs [&hellip;]","og_url":"https:\/\/trancescience.org\/fr\/evenements-a-venir-et-passes\/congres-la-transe-paris-le-grand-rex-20220401\/","og_site_name":"TranceScience","article_modified_time":"2022-09-24T19:27:14+00:00","og_image":[{"width":1280,"height":720,"url":"https:\/\/trancescience.org\/wp-content\/uploads\/ReplayThumbnail.jpg","type":"image\/jpeg"}],"twitter_card":"summary_large_image","twitter_title":"Congr\u00e8s La Transe - Paris, Le Grand Rex","twitter_image":"https:\/\/trancescience.org\/wp-content\/uploads\/ReplayThumbnail.jpg","twitter_misc":{"Dur\u00e9e de lecture estim\u00e9e":"1 minute"},"schema":{"@context":"https:\/\/schema.org","@graph":[{"@type":"WebPage","@id":"https:\/\/trancescience.org\/fr\/evenements-a-venir-et-passes\/congres-la-transe-paris-le-grand-rex-20220401\/","url":"https:\/\/trancescience.org\/fr\/evenements-a-venir-et-passes\/congres-la-transe-paris-le-grand-rex-20220401\/","name":"Congr\u00e8s La Transe - Paris, Le Grand Rex, 01\/04\/2022 - TranceScience","isPartOf":{"@id":"https:\/\/trancescience.org\/fr\/#website"},"datePublished":"2022-06-10T07:29:34+00:00","dateModified":"2022-09-24T19:27:14+00:00","breadcrumb":{"@id":"https:\/\/trancescience.org\/fr\/evenements-a-venir-et-passes\/congres-la-transe-paris-le-grand-rex-20220401\/#breadcrumb"},"inLanguage":"fr-FR","potentialAction":[{"@type":"ReadAction","target":["https:\/\/trancescience.org\/fr\/evenements-a-venir-et-passes\/congres-la-transe-paris-le-grand-rex-20220401\/"]}]},{"@type":"BreadcrumbList","@id":"https:\/\/trancescience.org\/fr\/evenements-a-venir-et-passes\/congres-la-transe-paris-le-grand-rex-20220401\/#breadcrumb","itemListElement":[{"@type":"ListItem","position":1,"name":"Accueil","item":"https:\/\/trancescience.org\/fr\/"},{"@type":"ListItem","position":2,"name":"\u00c9v\u00e8nements","item":"https:\/\/trancescience.org\/fr\/evenements-a-venir-et-passes\/"},{"@type":"ListItem","position":3,"name":"Congr\u00e8s La Transe &#8211; Paris, Le Grand Rex, 01\/04\/2022"}]},{"@type":"WebSite","@id":"https:\/\/trancescience.org\/fr\/#website","url":"https:\/\/trancescience.org\/fr\/","name":"TranceScience","description":"","publisher":{"@id":"https:\/\/trancescience.org\/fr\/#organization"},"potentialAction":[{"@type":"SearchAction","target":{"@type":"EntryPoint","urlTemplate":"https:\/\/trancescience.org\/fr\/?s={search_term_string}"},"query-input":{"@type":"PropertyValueSpecification","valueRequired":true,"valueName":"search_term_string"}}],"inLanguage":"fr-FR"},{"@type":"Organization","@id":"https:\/\/trancescience.org\/fr\/#organization","name":"TranceScience Research Institute","url":"https:\/\/trancescience.org\/fr\/","logo":{"@type":"ImageObject","inLanguage":"fr-FR","@id":"https:\/\/trancescience.org\/fr\/#\/schema\/logo\/image\/","url":"https:\/\/trancescience.org\/wp-content\/uploads\/TranceScience-Logo-horizontal-rectangle.png","contentUrl":"https:\/\/trancescience.org\/wp-content\/uploads\/TranceScience-Logo-horizontal-rectangle.png","width":960,"height":640,"caption":"TranceScience Research Institute"},"image":{"@id":"https:\/\/trancescience.org\/fr\/#\/schema\/logo\/image\/"}}]}},"_links":{"self":[{"href":"https:\/\/trancescience.org\/fr\/wp-json\/wp\/v2\/pages\/577","targetHints":{"allow":["GET"]}}],"collection":[{"href":"https:\/\/trancescience.org\/fr\/wp-json\/wp\/v2\/pages"}],"about":[{"href":"https:\/\/trancescience.org\/fr\/wp-json\/wp\/v2\/types\/page"}],"author":[{"embeddable":true,"href":"https:\/\/trancescience.org\/fr\/wp-json\/wp\/v2\/users\/5"}],"replies":[{"embeddable":true,"href":"https:\/\/trancescience.org\/fr\/wp-json\/wp\/v2\/comments?post=577"}],"version-history":[{"count":0,"href":"https:\/\/trancescience.org\/fr\/wp-json\/wp\/v2\/pages\/577\/revisions"}],"up":[{"embeddable":true,"href":"https:\/\/trancescience.org\/fr\/wp-json\/wp\/v2\/pages\/39"}],"wp:attachment":[{"href":"https:\/\/trancescience.org\/fr\/wp-json\/wp\/v2\/media?parent=577"}],"curies":[{"name":"wp","href":"https:\/\/api.w.org\/{rel}","templated":true}]}}