{"id":50,"date":"2021-02-19T22:01:19","date_gmt":"2021-02-19T21:01:19","guid":{"rendered":"https:\/\/trancescience.org\/?page_id=50"},"modified":"2021-03-22T18:24:48","modified_gmt":"2021-03-22T17:24:48","slug":"nous-soutenir","status":"publish","type":"page","link":"https:\/\/trancescience.org\/fr\/nous-soutenir\/","title":{"rendered":"Nous soutenir"},"content":{"rendered":"<h1>Nous soutenir !<\/h1>\n<div>\n<p><strong><span class=\"uk-text-primary\">Trance<\/span>Science<\/strong> Research Institute a besoin de votre soutien<\/p>\n<\/div>\n<h2>Faire un don en ligne en toute s\u00e9curit\u00e9<\/h2>\n<div>\n<p>    <iframe id=\"haWidget\" allowtransparency=\"true\" scrolling=\"auto\" src=\"https:\/\/www.helloasso.com\/associations\/trancescience\/formulaires\/3\/widget\" style=\"width:100%;height:1370px;border:none;\" onload=\"window.scroll(0, this.offsetTop)\"><\/iframe>\n<\/div>\n<h2>Envie d&rsquo;en apprendre plus ?<\/h2>\n<div>\n<p>Assistez \u00e0 nos \u00e9v\u00e9nements <br \/>ou revivez les en replay<\/p>\n<\/div>\n<p>\n    <a href=\"\/fr\/evenements\/\">\u00c9v\u00e9nements<\/a>\n<\/p>\n<h2>Besoin d&rsquo;approfondir ?<\/h2>\n<div>\n<p>Consultez nos ouvrages de r\u00e9f\u00e9rence et <br \/>nos publications scientifiques<\/p>\n<\/div>\n<p>\n    <a href=\"\/fr\/bibliographie\/\">Bibliographie<\/a>\n<\/p>\n<p><!--more--><br \/>\n<!-- {\"name\":\"Page EN \\\"Support us\\\" (v. 1)\",\"type\":\"layout\",\"children\":[{\"name\":\"Hero\",\"type\":\"section\",\"props\":{\"image_size\":\"cover\",\"style\":\"default\",\"width\":\"default\",\"image\":\"\",\"animation\":\"fade\",\"image_position\":\"center-center\",\"vertical_align\":\"middle\",\"title_position\":\"top-left\",\"title_rotation\":\"left\",\"title_breakpoint\":\"xl\",\"image_width\":\"2560\",\"padding\":\"large\"},\"children\":[{\"name\":\"\",\"type\":\"row\",\"children\":[{\"name\":\"\",\"type\":\"column\",\"props\":{\"image_position\":\"center-center\",\"media_overlay_gradient\":\"\",\"text_color\":\"dark\",\"width_medium\":\"1-1\"},\"children\":[{\"name\":\"\",\"type\":\"headline\",\"props\":{\"title_element\":\"h1\",\"content\":\"Nous soutenir !\",\"title_style\":\"heading-small\",\"text_align\":\"center\",\"margin_remove_top\":true}},{\"name\":\"\",\"type\":\"text\",\"props\":{\"margin\":\"default\",\"content\":\"\n\n<p><strong><span class=\\\"uk-text-primary\\\">Trance<\\\/span>Science<\\\/strong> Research Institute a besoin de votre soutien<\\\/p>\",\"text_align\":\"center\",\"maxwidth\":\"large\",\"column_breakpoint\":\"m\",\"block_align\":\"center\",\"text_style\":\"lead\"}}]}]}]},{\"name\":\"Donation form\",\"type\":\"section\",\"props\":{\"image_size\":\"cover\",\"width\":\"default\",\"style\":\"default\",\"animation\":\"slide-top-small\",\"animation_delay\":true,\"image_position\":\"center-center\",\"vertical_align\":\"middle\",\"title_position\":\"top-left\",\"title_rotation\":\"left\",\"title_breakpoint\":\"xl\"},\"children\":[{\"name\":\"\",\"type\":\"row\",\"props\":{\"margin\":\"large\",\"layout\":\"4-5,1-5\"},\"children\":[{\"name\":\"\",\"type\":\"column\",\"props\":{\"image_position\":\"center-center\",\"media_overlay_gradient\":\"\",\"width_medium\":\"4-5\"},\"children\":[{\"name\":\"\",\"type\":\"headline\",\"props\":{\"title_element\":\"h2\",\"content\":\"Faire un don en ligne en toute s\\u00e9curit\\u00e9\",\"title_style\":\"h1\"}}]},{\"type\":\"column\",\"props\":{\"image_position\":\"center-center\",\"media_overlay_gradient\":\"\",\"width_medium\":\"1-5\"},\"children\":[]}]},{\"name\":\"\",\"type\":\"row\",\"props\":{\"margin\":\"large\"},\"children\":[{\"name\":\"\",\"type\":\"column\",\"props\":{\"image_position\":\"center-center\",\"media_overlay_gradient\":\"\",\"width_medium\":\"\"},\"children\":[{\"type\":\"html\",\"props\":{\"content\":\"<iframe id=\\\"haWidget\\\" allowtransparency=\\\"true\\\" scrolling=\\\"auto\\\" src=\\\"https:\\\/\\\/www.helloasso.com\\\/associations\\\/trancescience\\\/formulaires\\\/3\\\/widget\\\" style=\\\"width:100%;height:1370px;border:none;\\\" onload=\\\"window.scroll(0, this.offsetTop)\\\"><\\\/iframe>\"}}]}]}]},{\"name\":\"Call to action\",\"type\":\"section\",\"props\":{\"width\":\"default\",\"padding\":\"large\",\"style\":\"muted\",\"image_size\":\"cover\",\"animation\":\"slide-bottom-medium\",\"animation_delay\":true,\"image_position\":\"center-center\",\"vertical_align\":\"middle\",\"title_position\":\"top-left\",\"title_rotation\":\"left\",\"title_breakpoint\":\"xl\"},\"children\":[{\"name\":\"\",\"type\":\"row\",\"props\":{\"layout\":\"1-2,1-2\",\"divider\":true},\"children\":[{\"name\":\"\",\"type\":\"column\",\"props\":{\"image_position\":\"center-center\",\"media_overlay_gradient\":\"\",\"width_medium\":\"1-2\"},\"children\":[{\"name\":\"\",\"type\":\"headline\",\"props\":{\"title_element\":\"h2\",\"text_align\":\"center\",\"content\":\"Envie d'en apprendre plus ?\",\"title_style\":\"h3\"}},{\"name\":\"\",\"type\":\"text\",\"props\":{\"margin\":\"default\",\"content\":\"\n\n<p>Assistez \\u00e0 nos \\u00e9v\\u00e9nements <br \\\/>ou revivez les en replay<\\\/p>\",\"text_align\":\"center\",\"column_breakpoint\":\"m\"}},{\"name\":\"\",\"type\":\"button\",\"props\":{\"margin\":\"default\",\"text_align\":\"center\",\"grid_column_gap\":\"small\",\"grid_row_gap\":\"small\"},\"children\":[{\"name\":\"\",\"type\":\"button_item\",\"props\":{\"button_style\":\"primary\",\"content\":\"\\u00c9v\\u00e9nements\",\"link\":\"fr\\\/evenements\\\/\",\"icon_align\":\"left\",\"link_title\":\"\\u00c9v\\u00e9nements\"}}]}]},{\"name\":\"\",\"type\":\"column\",\"props\":{\"image_position\":\"center-center\",\"media_overlay_gradient\":\"\",\"width_medium\":\"1-2\"},\"children\":[{\"name\":\"\",\"type\":\"headline\",\"props\":{\"title_element\":\"h2\",\"text_align\":\"center\",\"content\":\"Besoin d'approfondir ?\",\"title_style\":\"h3\"}},{\"name\":\"\",\"type\":\"text\",\"props\":{\"margin\":\"default\",\"content\":\"\n\n<p>Consultez nos ouvrages de r\\u00e9f\\u00e9rence et <br \\\/>nos publications scientifiques<\\\/p>\",\"text_align\":\"center\",\"column_breakpoint\":\"m\"}},{\"name\":\"\",\"type\":\"button\",\"props\":{\"margin\":\"default\",\"text_align\":\"center\",\"grid_column_gap\":\"small\",\"grid_row_gap\":\"small\"},\"children\":[{\"name\":\"\",\"type\":\"button_item\",\"props\":{\"button_style\":\"primary\",\"content\":\"Bibliographie\",\"link\":\"fr\\\/bibliographie\\\/\",\"icon_align\":\"left\",\"link_title\":\"Bibliographie\"}}]}]}]}]}],\"version\":\"2.4.6\"} --><\/p>\n","protected":false},"excerpt":{"rendered":"<p>Nous soutenir ! TranceScience Research Institute a besoin de votre soutien Faire un don en ligne en toute s\u00e9curit\u00e9 Envie d&rsquo;en apprendre plus ? Assistez \u00e0 nos \u00e9v\u00e9nements ou revivez les en replay \u00c9v\u00e9nements Besoin d&rsquo;approfondir ? Consultez nos ouvrages de r\u00e9f\u00e9rence et nos publications scientifiques Bibliographie<\/p>\n","protected":false},"author":5,"featured_media":0,"parent":0,"menu_order":8,"comment_status":"closed","ping_status":"closed","template":"","meta":{"footnotes":""},"class_list":["post-50","page","type-page","status-publish","hentry"],"yoast_head":"<!-- This site is optimized with the Yoast SEO plugin v27.3 - https:\/\/yoast.com\/product\/yoast-seo-wordpress\/ -->\n<title>Nous soutenir - TranceScience<\/title>\n<meta name=\"robots\" content=\"index, follow, max-snippet:-1, max-image-preview:large, max-video-preview:-1\" \/>\n<link rel=\"canonical\" href=\"https:\/\/trancescience.org\/fr\/nous-soutenir\/\" \/>\n<meta property=\"og:locale\" content=\"fr_FR\" \/>\n<meta property=\"og:type\" content=\"article\" \/>\n<meta property=\"og:title\" content=\"Nous soutenir - TranceScience\" \/>\n<meta property=\"og:description\" content=\"Nous soutenir ! TranceScience Research Institute a besoin de votre soutien Faire un don en ligne en toute s\u00e9curit\u00e9 Envie d&rsquo;en apprendre plus ? Assistez \u00e0 nos \u00e9v\u00e9nements ou revivez les en replay \u00c9v\u00e9nements Besoin d&rsquo;approfondir ? Consultez nos ouvrages de r\u00e9f\u00e9rence et nos publications scientifiques Bibliographie\" \/>\n<meta property=\"og:url\" content=\"https:\/\/trancescience.org\/fr\/nous-soutenir\/\" \/>\n<meta property=\"og:site_name\" content=\"TranceScience\" \/>\n<meta property=\"article:modified_time\" content=\"2021-03-22T17:24:48+00:00\" \/>\n<meta name=\"twitter:card\" content=\"summary_large_image\" \/>\n<script type=\"application\/ld+json\" class=\"yoast-schema-graph\">{\"@context\":\"https:\\\/\\\/schema.org\",\"@graph\":[{\"@type\":\"WebPage\",\"@id\":\"https:\\\/\\\/trancescience.org\\\/fr\\\/nous-soutenir\\\/\",\"url\":\"https:\\\/\\\/trancescience.org\\\/fr\\\/nous-soutenir\\\/\",\"name\":\"Nous soutenir - TranceScience\",\"isPartOf\":{\"@id\":\"https:\\\/\\\/trancescience.org\\\/fr\\\/#website\"},\"datePublished\":\"2021-02-19T21:01:19+00:00\",\"dateModified\":\"2021-03-22T17:24:48+00:00\",\"breadcrumb\":{\"@id\":\"https:\\\/\\\/trancescience.org\\\/fr\\\/nous-soutenir\\\/#breadcrumb\"},\"inLanguage\":\"fr-FR\",\"potentialAction\":[{\"@type\":\"ReadAction\",\"target\":[\"https:\\\/\\\/trancescience.org\\\/fr\\\/nous-soutenir\\\/\"]}]},{\"@type\":\"BreadcrumbList\",\"@id\":\"https:\\\/\\\/trancescience.org\\\/fr\\\/nous-soutenir\\\/#breadcrumb\",\"itemListElement\":[{\"@type\":\"ListItem\",\"position\":1,\"name\":\"Accueil\",\"item\":\"https:\\\/\\\/trancescience.org\\\/fr\\\/\"},{\"@type\":\"ListItem\",\"position\":2,\"name\":\"Nous soutenir\"}]},{\"@type\":\"WebSite\",\"@id\":\"https:\\\/\\\/trancescience.org\\\/fr\\\/#website\",\"url\":\"https:\\\/\\\/trancescience.org\\\/fr\\\/\",\"name\":\"TranceScience\",\"description\":\"\",\"publisher\":{\"@id\":\"https:\\\/\\\/trancescience.org\\\/fr\\\/#organization\"},\"potentialAction\":[{\"@type\":\"SearchAction\",\"target\":{\"@type\":\"EntryPoint\",\"urlTemplate\":\"https:\\\/\\\/trancescience.org\\\/fr\\\/?s={search_term_string}\"},\"query-input\":{\"@type\":\"PropertyValueSpecification\",\"valueRequired\":true,\"valueName\":\"search_term_string\"}}],\"inLanguage\":\"fr-FR\"},{\"@type\":\"Organization\",\"@id\":\"https:\\\/\\\/trancescience.org\\\/fr\\\/#organization\",\"name\":\"TranceScience Research Institute\",\"url\":\"https:\\\/\\\/trancescience.org\\\/fr\\\/\",\"logo\":{\"@type\":\"ImageObject\",\"inLanguage\":\"fr-FR\",\"@id\":\"https:\\\/\\\/trancescience.org\\\/fr\\\/#\\\/schema\\\/logo\\\/image\\\/\",\"url\":\"https:\\\/\\\/trancescience.org\\\/wp-content\\\/uploads\\\/TranceScience-Logo-horizontal-rectangle.png\",\"contentUrl\":\"https:\\\/\\\/trancescience.org\\\/wp-content\\\/uploads\\\/TranceScience-Logo-horizontal-rectangle.png\",\"width\":960,\"height\":640,\"caption\":\"TranceScience Research Institute\"},\"image\":{\"@id\":\"https:\\\/\\\/trancescience.org\\\/fr\\\/#\\\/schema\\\/logo\\\/image\\\/\"}}]}<\/script>\n<!-- \/ Yoast SEO plugin. -->","yoast_head_json":{"title":"Nous soutenir - TranceScience","robots":{"index":"index","follow":"follow","max-snippet":"max-snippet:-1","max-image-preview":"max-image-preview:large","max-video-preview":"max-video-preview:-1"},"canonical":"https:\/\/trancescience.org\/fr\/nous-soutenir\/","og_locale":"fr_FR","og_type":"article","og_title":"Nous soutenir - TranceScience","og_description":"Nous soutenir ! TranceScience Research Institute a besoin de votre soutien Faire un don en ligne en toute s\u00e9curit\u00e9 Envie d&rsquo;en apprendre plus ? Assistez \u00e0 nos \u00e9v\u00e9nements ou revivez les en replay \u00c9v\u00e9nements Besoin d&rsquo;approfondir ? Consultez nos ouvrages de r\u00e9f\u00e9rence et nos publications scientifiques Bibliographie","og_url":"https:\/\/trancescience.org\/fr\/nous-soutenir\/","og_site_name":"TranceScience","article_modified_time":"2021-03-22T17:24:48+00:00","twitter_card":"summary_large_image","schema":{"@context":"https:\/\/schema.org","@graph":[{"@type":"WebPage","@id":"https:\/\/trancescience.org\/fr\/nous-soutenir\/","url":"https:\/\/trancescience.org\/fr\/nous-soutenir\/","name":"Nous soutenir - TranceScience","isPartOf":{"@id":"https:\/\/trancescience.org\/fr\/#website"},"datePublished":"2021-02-19T21:01:19+00:00","dateModified":"2021-03-22T17:24:48+00:00","breadcrumb":{"@id":"https:\/\/trancescience.org\/fr\/nous-soutenir\/#breadcrumb"},"inLanguage":"fr-FR","potentialAction":[{"@type":"ReadAction","target":["https:\/\/trancescience.org\/fr\/nous-soutenir\/"]}]},{"@type":"BreadcrumbList","@id":"https:\/\/trancescience.org\/fr\/nous-soutenir\/#breadcrumb","itemListElement":[{"@type":"ListItem","position":1,"name":"Accueil","item":"https:\/\/trancescience.org\/fr\/"},{"@type":"ListItem","position":2,"name":"Nous soutenir"}]},{"@type":"WebSite","@id":"https:\/\/trancescience.org\/fr\/#website","url":"https:\/\/trancescience.org\/fr\/","name":"TranceScience","description":"","publisher":{"@id":"https:\/\/trancescience.org\/fr\/#organization"},"potentialAction":[{"@type":"SearchAction","target":{"@type":"EntryPoint","urlTemplate":"https:\/\/trancescience.org\/fr\/?s={search_term_string}"},"query-input":{"@type":"PropertyValueSpecification","valueRequired":true,"valueName":"search_term_string"}}],"inLanguage":"fr-FR"},{"@type":"Organization","@id":"https:\/\/trancescience.org\/fr\/#organization","name":"TranceScience Research Institute","url":"https:\/\/trancescience.org\/fr\/","logo":{"@type":"ImageObject","inLanguage":"fr-FR","@id":"https:\/\/trancescience.org\/fr\/#\/schema\/logo\/image\/","url":"https:\/\/trancescience.org\/wp-content\/uploads\/TranceScience-Logo-horizontal-rectangle.png","contentUrl":"https:\/\/trancescience.org\/wp-content\/uploads\/TranceScience-Logo-horizontal-rectangle.png","width":960,"height":640,"caption":"TranceScience Research Institute"},"image":{"@id":"https:\/\/trancescience.org\/fr\/#\/schema\/logo\/image\/"}}]}},"_links":{"self":[{"href":"https:\/\/trancescience.org\/fr\/wp-json\/wp\/v2\/pages\/50","targetHints":{"allow":["GET"]}}],"collection":[{"href":"https:\/\/trancescience.org\/fr\/wp-json\/wp\/v2\/pages"}],"about":[{"href":"https:\/\/trancescience.org\/fr\/wp-json\/wp\/v2\/types\/page"}],"author":[{"embeddable":true,"href":"https:\/\/trancescience.org\/fr\/wp-json\/wp\/v2\/users\/5"}],"replies":[{"embeddable":true,"href":"https:\/\/trancescience.org\/fr\/wp-json\/wp\/v2\/comments?post=50"}],"version-history":[{"count":0,"href":"https:\/\/trancescience.org\/fr\/wp-json\/wp\/v2\/pages\/50\/revisions"}],"wp:attachment":[{"href":"https:\/\/trancescience.org\/fr\/wp-json\/wp\/v2\/media?parent=50"}],"curies":[{"name":"wp","href":"https:\/\/api.w.org\/{rel}","templated":true}]}}