{"id":45,"date":"2021-02-19T21:54:35","date_gmt":"2021-02-19T20:54:35","guid":{"rendered":"https:\/\/trancescience.org\/?page_id=45"},"modified":"2026-02-27T15:03:04","modified_gmt":"2026-02-27T14:03:04","slug":"bibliographie","status":"publish","type":"page","link":"https:\/\/trancescience.org\/fr\/bibliographie\/","title":{"rendered":"Bibliographie"},"content":{"rendered":"<h1>Bibliographie<\/h1>\n<div>\n<p>Consultez les ouvrages et publications traitant de la transe cognitive s\u00e9lectionn\u00e9s par nos soins.<\/p>\n<\/div>\n<h2>Publications<\/h2>\n<h2>Ouvrages<\/h2>\n<h2>Besoin de plus d&rsquo;informations ?<\/h2>\n<div>\n<p><span>N&rsquo;h\u00e9sitez pas \u00e0 nous adresser vos demandes<\/span><\/p>\n<\/div>\n<p>\n    <a href=\"\/fr\/nous-contacter\/\">Nous contacter<\/a>\n<\/p>\n<h2>Envie de nous soutenir ?<\/h2>\n<div>\n<p><span>Vous pouvez nous aider gr\u00e2ce \u00e0 un don en ligne et 100% s\u00e9curis\u00e9<\/span><\/p>\n<\/div>\n<p>\n    <a href=\"\/fr\/nous-soutenir\/\">Faire un don<\/a>\n<\/p>\n<p><!--more--><br \/>\n<!-- {\"name\":\"Page FR \\\"Ouvrages\\\" (v. 1)\",\"type\":\"layout\",\"children\":[{\"name\":\"Hero\",\"type\":\"section\",\"props\":{\"width\":\"default\",\"style\":\"default\",\"image\":\"wp-content\\\/uploads\\\/TranceScience-Banner-half-height-02.jpg\",\"header_transparent\":\"light\",\"text_color\":\"light\",\"image_size\":\"cover\",\"media_background\":\"#fff\",\"media_overlay\":\"rgba(0,0,0,0)\",\"image_fixed\":false,\"animation\":\"slide-left-medium\",\"image_position\":\"center-center\",\"vertical_align\":\"middle\",\"title_position\":\"top-left\",\"title_rotation\":\"left\",\"title_breakpoint\":\"xl\",\"image_width\":\"2560\",\"padding\":\"xlarge\",\"header_transparent_noplaceholder\":true},\"children\":[{\"name\":\"\",\"type\":\"row\",\"children\":[{\"name\":\"\",\"type\":\"column\",\"props\":{\"image_position\":\"center-center\",\"media_overlay_gradient\":\"\",\"width_medium\":\"1-1\"},\"children\":[{\"name\":\"\",\"type\":\"headline\",\"props\":{\"title_element\":\"h1\",\"content\":\"Bibliographie\",\"maxwidth\":\"large\"}},{\"name\":\"\",\"type\":\"text\",\"props\":{\"margin\":\"default\",\"content\":\"\n\n<p>Consultez les ouvrages et publications traitant de la transe cognitive s\\u00e9lectionn\\u00e9s par nos soins.<\\\/p>\",\"maxwidth\":\"xlarge\",\"column_breakpoint\":\"m\",\"text_style\":\"lead\"}}]}]}]},{\"name\":\"Publications\",\"type\":\"section\",\"props\":{\"image_size\":\"cover\",\"width\":\"default\",\"padding\":\"large\",\"style\":\"default\",\"animation\":\"fade\",\"image_position\":\"center-center\",\"vertical_align\":\"middle\",\"title_position\":\"top-left\",\"title_rotation\":\"left\",\"title_breakpoint\":\"xl\",\"padding_remove_bottom\":true,\"padding_remove_top\":false,\"id\":\"publications\"},\"children\":[{\"type\":\"row\",\"props\":{\"margin_remove_bottom\":false,\"margin\":\"large\"},\"children\":[{\"type\":\"column\",\"props\":{\"image_position\":\"center-center\",\"media_overlay_gradient\":\"\",\"width_medium\":\"\"},\"children\":[{\"type\":\"headline\",\"props\":{\"title_element\":\"h2\",\"content\":\"Publications\",\"margin_remove_bottom\":false,\"text_align\":\"center\"}}]}]},{\"type\":\"row\",\"props\":{\"margin_remove_bottom\":false,\"layout\":\"1-2,1-2\",\"margin\":\"large\"},\"children\":[{\"type\":\"column\",\"props\":{\"image_position\":\"center-center\",\"media_overlay_gradient\":\"\",\"width_medium\":\"1-2\"},\"children\":[{\"type\":\"module\",\"props\":{\"menu_style\":\"nav\",\"widget\":\"wp_publications_customwidget-2\",\"type\":\"wp_publications_customwidget\"}}]},{\"type\":\"column\",\"props\":{\"image_position\":\"center-center\",\"media_overlay_gradient\":\"\",\"width_medium\":\"1-2\"},\"children\":[{\"type\":\"module\",\"props\":{\"menu_style\":\"nav\",\"widget\":\"wp_publications_customwidget-3\",\"type\":\"wp_publications_customwidget\"}}]}]}]},{\"name\":\"Ouvrages\",\"type\":\"section\",\"props\":{\"image_size\":\"cover\",\"width\":\"default\",\"padding\":\"large\",\"style\":\"default\",\"animation\":\"fade\",\"image_position\":\"center-center\",\"vertical_align\":\"middle\",\"title_position\":\"top-left\",\"title_rotation\":\"left\",\"title_breakpoint\":\"xl\",\"padding_remove_bottom\":false,\"id\":\"ouvrages\"},\"children\":[{\"type\":\"row\",\"props\":{\"margin_remove_bottom\":false},\"children\":[{\"type\":\"column\",\"props\":{\"image_position\":\"center-center\",\"media_overlay_gradient\":\"\",\"width_medium\":\"\"},\"children\":[{\"type\":\"headline\",\"props\":{\"title_element\":\"h2\",\"content\":\"Ouvrages\",\"margin_remove_bottom\":false,\"text_align\":\"center\",\"margin\":\"large\"}}]}]},{\"type\":\"row\",\"children\":[{\"type\":\"column\",\"props\":{\"image_position\":\"center-center\",\"media_overlay_gradient\":\"\"},\"children\":[{\"type\":\"module\",\"props\":{\"menu_style\":\"nav\",\"widget\":\"wp_works_customwidget-2\",\"type\":\"wp_works_customwidget\"}}]}],\"props\":{\"margin\":\"large\"}}]},{\"name\":\"Call to action\",\"type\":\"section\",\"props\":{\"width\":\"default\",\"padding\":\"large\",\"style\":\"muted\",\"image_size\":\"cover\",\"animation\":\"slide-bottom-medium\",\"animation_delay\":true,\"image_position\":\"center-center\",\"vertical_align\":\"middle\",\"title_position\":\"top-left\",\"title_rotation\":\"left\",\"title_breakpoint\":\"xl\"},\"children\":[{\"name\":\"\",\"type\":\"row\",\"props\":{\"layout\":\"1-2,1-2\",\"divider\":true},\"children\":[{\"name\":\"\",\"type\":\"column\",\"props\":{\"image_position\":\"center-center\",\"media_overlay_gradient\":\"\",\"width_medium\":\"1-2\"},\"children\":[{\"name\":\"\",\"type\":\"headline\",\"props\":{\"title_element\":\"h2\",\"text_align\":\"center\",\"content\":\"Besoin de plus d'informations ?\",\"title_style\":\"h3\"}},{\"name\":\"\",\"type\":\"text\",\"props\":{\"margin\":\"default\",\"content\":\"\n\n<p><span>N'h\\u00e9sitez pas \\u00e0 nous adresser vos demandes<\\\/span><\\\/p>\",\"text_align\":\"center\",\"column_breakpoint\":\"m\"}},{\"name\":\"\",\"type\":\"button\",\"props\":{\"margin\":\"default\",\"text_align\":\"center\",\"grid_column_gap\":\"small\",\"grid_row_gap\":\"small\"},\"children\":[{\"name\":\"\",\"type\":\"button_item\",\"props\":{\"button_style\":\"primary\",\"content\":\"Nous contacter\",\"link\":\"fr\\\/nous-contacter\\\/\",\"icon_align\":\"left\",\"link_title\":\"Nous contacter\"}}]}]},{\"name\":\"\",\"type\":\"column\",\"props\":{\"image_position\":\"center-center\",\"media_overlay_gradient\":\"\",\"width_medium\":\"1-2\"},\"children\":[{\"name\":\"\",\"type\":\"headline\",\"props\":{\"title_element\":\"h2\",\"text_align\":\"center\",\"content\":\"Envie de nous soutenir ?\",\"title_style\":\"h3\"}},{\"name\":\"\",\"type\":\"text\",\"props\":{\"margin\":\"default\",\"content\":\"\n\n<p><span>Vous pouvez nous aider gr\\u00e2ce \\u00e0 un don en ligne et 100% s\\u00e9curis\\u00e9<\\\/span><\\\/p>\",\"text_align\":\"center\",\"column_breakpoint\":\"m\"}},{\"name\":\"\",\"type\":\"button\",\"props\":{\"margin\":\"default\",\"text_align\":\"center\",\"grid_column_gap\":\"small\",\"grid_row_gap\":\"small\"},\"children\":[{\"name\":\"\",\"type\":\"button_item\",\"props\":{\"button_style\":\"primary\",\"content\":\"Faire un don\",\"link\":\"fr\\\/nous-soutenir\\\/\",\"icon_align\":\"left\",\"link_title\":\"Faire un don\"}}]}]}]}],\"modified\":\"2021-03-13T12:16:37.863Z\"}],\"version\":\"2.4.6\"} --><\/p>\n","protected":false},"excerpt":{"rendered":"<p>Bibliographie Consultez les ouvrages et publications traitant de la transe cognitive s\u00e9lectionn\u00e9s par nos soins. Publications Ouvrages Besoin de plus d&rsquo;informations ? N&rsquo;h\u00e9sitez pas \u00e0 nous adresser vos demandes Nous contacter Envie de nous soutenir ? Vous pouvez nous aider gr\u00e2ce \u00e0 un don en ligne et 100% s\u00e9curis\u00e9 Faire un don<\/p>\n","protected":false},"author":5,"featured_media":0,"parent":0,"menu_order":6,"comment_status":"closed","ping_status":"closed","template":"","meta":{"footnotes":""},"class_list":["post-45","page","type-page","status-publish","hentry"],"yoast_head":"<!-- This site is optimized with the Yoast SEO plugin v27.3 - https:\/\/yoast.com\/product\/yoast-seo-wordpress\/ -->\n<title>Bibliographie - TranceScience<\/title>\n<meta name=\"robots\" content=\"index, follow, max-snippet:-1, max-image-preview:large, max-video-preview:-1\" \/>\n<link rel=\"canonical\" href=\"https:\/\/trancescience.org\/fr\/bibliographie\/\" \/>\n<meta property=\"og:locale\" content=\"fr_FR\" \/>\n<meta property=\"og:type\" content=\"article\" \/>\n<meta property=\"og:title\" content=\"Bibliographie - TranceScience\" \/>\n<meta property=\"og:description\" content=\"Bibliographie Consultez les ouvrages et publications traitant de la transe cognitive s\u00e9lectionn\u00e9s par nos soins. Publications Ouvrages Besoin de plus d&rsquo;informations ? N&rsquo;h\u00e9sitez pas \u00e0 nous adresser vos demandes Nous contacter Envie de nous soutenir ? Vous pouvez nous aider gr\u00e2ce \u00e0 un don en ligne et 100% s\u00e9curis\u00e9 Faire un don\" \/>\n<meta property=\"og:url\" content=\"https:\/\/trancescience.org\/fr\/bibliographie\/\" \/>\n<meta property=\"og:site_name\" content=\"TranceScience\" \/>\n<meta property=\"article:modified_time\" content=\"2026-02-27T14:03:04+00:00\" \/>\n<meta name=\"twitter:card\" content=\"summary_large_image\" \/>\n<meta name=\"twitter:label1\" content=\"Dur\u00e9e de lecture estim\u00e9e\" \/>\n\t<meta name=\"twitter:data1\" content=\"1 minute\" \/>\n<script type=\"application\/ld+json\" class=\"yoast-schema-graph\">{\"@context\":\"https:\\\/\\\/schema.org\",\"@graph\":[{\"@type\":\"WebPage\",\"@id\":\"https:\\\/\\\/trancescience.org\\\/fr\\\/bibliographie\\\/\",\"url\":\"https:\\\/\\\/trancescience.org\\\/fr\\\/bibliographie\\\/\",\"name\":\"Bibliographie - TranceScience\",\"isPartOf\":{\"@id\":\"https:\\\/\\\/trancescience.org\\\/fr\\\/#website\"},\"datePublished\":\"2021-02-19T20:54:35+00:00\",\"dateModified\":\"2026-02-27T14:03:04+00:00\",\"breadcrumb\":{\"@id\":\"https:\\\/\\\/trancescience.org\\\/fr\\\/bibliographie\\\/#breadcrumb\"},\"inLanguage\":\"fr-FR\",\"potentialAction\":[{\"@type\":\"ReadAction\",\"target\":[\"https:\\\/\\\/trancescience.org\\\/fr\\\/bibliographie\\\/\"]}]},{\"@type\":\"BreadcrumbList\",\"@id\":\"https:\\\/\\\/trancescience.org\\\/fr\\\/bibliographie\\\/#breadcrumb\",\"itemListElement\":[{\"@type\":\"ListItem\",\"position\":1,\"name\":\"Accueil\",\"item\":\"https:\\\/\\\/trancescience.org\\\/fr\\\/\"},{\"@type\":\"ListItem\",\"position\":2,\"name\":\"Bibliographie\"}]},{\"@type\":\"WebSite\",\"@id\":\"https:\\\/\\\/trancescience.org\\\/fr\\\/#website\",\"url\":\"https:\\\/\\\/trancescience.org\\\/fr\\\/\",\"name\":\"TranceScience\",\"description\":\"\",\"publisher\":{\"@id\":\"https:\\\/\\\/trancescience.org\\\/fr\\\/#organization\"},\"potentialAction\":[{\"@type\":\"SearchAction\",\"target\":{\"@type\":\"EntryPoint\",\"urlTemplate\":\"https:\\\/\\\/trancescience.org\\\/fr\\\/?s={search_term_string}\"},\"query-input\":{\"@type\":\"PropertyValueSpecification\",\"valueRequired\":true,\"valueName\":\"search_term_string\"}}],\"inLanguage\":\"fr-FR\"},{\"@type\":\"Organization\",\"@id\":\"https:\\\/\\\/trancescience.org\\\/fr\\\/#organization\",\"name\":\"TranceScience Research Institute\",\"url\":\"https:\\\/\\\/trancescience.org\\\/fr\\\/\",\"logo\":{\"@type\":\"ImageObject\",\"inLanguage\":\"fr-FR\",\"@id\":\"https:\\\/\\\/trancescience.org\\\/fr\\\/#\\\/schema\\\/logo\\\/image\\\/\",\"url\":\"https:\\\/\\\/trancescience.org\\\/wp-content\\\/uploads\\\/TranceScience-Logo-horizontal-rectangle.png\",\"contentUrl\":\"https:\\\/\\\/trancescience.org\\\/wp-content\\\/uploads\\\/TranceScience-Logo-horizontal-rectangle.png\",\"width\":960,\"height\":640,\"caption\":\"TranceScience Research Institute\"},\"image\":{\"@id\":\"https:\\\/\\\/trancescience.org\\\/fr\\\/#\\\/schema\\\/logo\\\/image\\\/\"}}]}<\/script>\n<!-- \/ Yoast SEO plugin. -->","yoast_head_json":{"title":"Bibliographie - TranceScience","robots":{"index":"index","follow":"follow","max-snippet":"max-snippet:-1","max-image-preview":"max-image-preview:large","max-video-preview":"max-video-preview:-1"},"canonical":"https:\/\/trancescience.org\/fr\/bibliographie\/","og_locale":"fr_FR","og_type":"article","og_title":"Bibliographie - TranceScience","og_description":"Bibliographie Consultez les ouvrages et publications traitant de la transe cognitive s\u00e9lectionn\u00e9s par nos soins. Publications Ouvrages Besoin de plus d&rsquo;informations ? N&rsquo;h\u00e9sitez pas \u00e0 nous adresser vos demandes Nous contacter Envie de nous soutenir ? Vous pouvez nous aider gr\u00e2ce \u00e0 un don en ligne et 100% s\u00e9curis\u00e9 Faire un don","og_url":"https:\/\/trancescience.org\/fr\/bibliographie\/","og_site_name":"TranceScience","article_modified_time":"2026-02-27T14:03:04+00:00","twitter_card":"summary_large_image","twitter_misc":{"Dur\u00e9e de lecture estim\u00e9e":"1 minute"},"schema":{"@context":"https:\/\/schema.org","@graph":[{"@type":"WebPage","@id":"https:\/\/trancescience.org\/fr\/bibliographie\/","url":"https:\/\/trancescience.org\/fr\/bibliographie\/","name":"Bibliographie - TranceScience","isPartOf":{"@id":"https:\/\/trancescience.org\/fr\/#website"},"datePublished":"2021-02-19T20:54:35+00:00","dateModified":"2026-02-27T14:03:04+00:00","breadcrumb":{"@id":"https:\/\/trancescience.org\/fr\/bibliographie\/#breadcrumb"},"inLanguage":"fr-FR","potentialAction":[{"@type":"ReadAction","target":["https:\/\/trancescience.org\/fr\/bibliographie\/"]}]},{"@type":"BreadcrumbList","@id":"https:\/\/trancescience.org\/fr\/bibliographie\/#breadcrumb","itemListElement":[{"@type":"ListItem","position":1,"name":"Accueil","item":"https:\/\/trancescience.org\/fr\/"},{"@type":"ListItem","position":2,"name":"Bibliographie"}]},{"@type":"WebSite","@id":"https:\/\/trancescience.org\/fr\/#website","url":"https:\/\/trancescience.org\/fr\/","name":"TranceScience","description":"","publisher":{"@id":"https:\/\/trancescience.org\/fr\/#organization"},"potentialAction":[{"@type":"SearchAction","target":{"@type":"EntryPoint","urlTemplate":"https:\/\/trancescience.org\/fr\/?s={search_term_string}"},"query-input":{"@type":"PropertyValueSpecification","valueRequired":true,"valueName":"search_term_string"}}],"inLanguage":"fr-FR"},{"@type":"Organization","@id":"https:\/\/trancescience.org\/fr\/#organization","name":"TranceScience Research Institute","url":"https:\/\/trancescience.org\/fr\/","logo":{"@type":"ImageObject","inLanguage":"fr-FR","@id":"https:\/\/trancescience.org\/fr\/#\/schema\/logo\/image\/","url":"https:\/\/trancescience.org\/wp-content\/uploads\/TranceScience-Logo-horizontal-rectangle.png","contentUrl":"https:\/\/trancescience.org\/wp-content\/uploads\/TranceScience-Logo-horizontal-rectangle.png","width":960,"height":640,"caption":"TranceScience Research Institute"},"image":{"@id":"https:\/\/trancescience.org\/fr\/#\/schema\/logo\/image\/"}}]}},"_links":{"self":[{"href":"https:\/\/trancescience.org\/fr\/wp-json\/wp\/v2\/pages\/45","targetHints":{"allow":["GET"]}}],"collection":[{"href":"https:\/\/trancescience.org\/fr\/wp-json\/wp\/v2\/pages"}],"about":[{"href":"https:\/\/trancescience.org\/fr\/wp-json\/wp\/v2\/types\/page"}],"author":[{"embeddable":true,"href":"https:\/\/trancescience.org\/fr\/wp-json\/wp\/v2\/users\/5"}],"replies":[{"embeddable":true,"href":"https:\/\/trancescience.org\/fr\/wp-json\/wp\/v2\/comments?post=45"}],"version-history":[{"count":0,"href":"https:\/\/trancescience.org\/fr\/wp-json\/wp\/v2\/pages\/45\/revisions"}],"wp:attachment":[{"href":"https:\/\/trancescience.org\/fr\/wp-json\/wp\/v2\/media?parent=45"}],"curies":[{"name":"wp","href":"https:\/\/api.w.org\/{rel}","templated":true}]}}