{"id":37,"date":"2021-02-19T21:41:08","date_gmt":"2021-02-19T20:41:08","guid":{"rendered":"https:\/\/trancescience.org\/?page_id=37"},"modified":"2025-09-30T16:19:52","modified_gmt":"2025-09-30T15:19:52","slug":"recherche","status":"publish","type":"page","link":"https:\/\/trancescience.org\/fr\/recherche\/","title":{"rendered":"Recherche"},"content":{"rendered":"<h1><strong style=\"font-size: 16px;\"><span class=\"uk-text-primary\">Trance<\/span>Science<\/strong><span style=\"font-size: 16px;\"> effectue des recherches scientifiques sur la transe, tout en explorant ses applications potentielles dans des domaines vari\u00e9s<\/span><\/h1>\n<h2>Nos activit\u00e9s<\/h2>\n<p>&nbsp;<\/p>\n<h2>Recherche fondamentale sur la structure et l&rsquo;activit\u00e9 c\u00e9r\u00e9brale<\/h2>\n<div>\n<p><strong><span class=\"uk-text-primary\">Trance<\/span>Science<\/strong> m\u00e8ne diff\u00e9rents projets de recherche sur la structure et l&rsquo;activit\u00e9 du cerveau dans des \u00e9tats de transe de type TCAI (transe cognitive auto-induite) en dissociant les processus conscients et inconscients pr\u00e9sentant une expansion cognitive.<\/p>\n<p>Entre autres :<\/p>\n<ul>\n<li><strong>\u00c9tudes neuroscientifiques du cerveau pendant la transe<\/strong><br \/>\nComprendre l&rsquo;impact de l&rsquo;\u00e9tat de transe de type TCAI sur les m\u00e9canismes c\u00e9r\u00e9braux, en utilisant l&rsquo;IRM, l&rsquo;IRMf, l&rsquo;EEG, le Pet Scan, la TMS, en collaboration avec diff\u00e9rentes structures de recherche.<\/li>\n<li><strong>Effet d&rsquo;amplification cognitive<\/strong><br \/>\nIdentification d&rsquo;un \u00e9tat dissociatif l\u00e9ger, non pathologique et \u00e9tude des effets d&rsquo;amplification de la cognition<\/li>\n<\/ul>\n<\/div>\n<p><a href=\"\/fr\/a-propos\/\">En savoir + sur TranseScience<\/a><\/p>\n<p><img loading=\"lazy\" decoding=\"async\" class=\"aligncenter\" src=\"\/wp-content\/uploads\/TranceScience-Pr-Steven-Laureys.jpg\" alt=\"Pr Steven Laureys, Clinical Professor and FNRS Resarch Director, University of Liege, Liege, Belgium\" width=\"620\" height=\"620\" \/><\/p>\n<p>&nbsp;<\/p>\n<p><img loading=\"lazy\" decoding=\"async\" class=\"aligncenter\" src=\"\/wp-content\/uploads\/TranceScience-PET-scan-CHU-de-Liege-01.jpg\" alt=\"PET scan at CHU de Liege\" width=\"631\" height=\"472\" \/><\/p>\n<h2>Explorer les applications de la transe cognitive auto-induite (TCAI)<\/h2>\n<div>\n<p><strong><span class=\"uk-text-primary\">Trance<\/span>Science<\/strong> explore diverses applications de la transe de type TCAI, notamment :<\/p>\n<ul>\n<li><strong>\u00c9ducation artistique et cr\u00e9ativit\u00e9<\/strong><br \/>\n\u00c9tude de l&rsquo;impact de l&rsquo;expansion des perceptions cognitives dans les arts<\/li>\n<li><strong>Psychologie, psychoth\u00e9rapie<\/strong><br \/>\nUtilisation de la TCAI comme ressource pour accro\u00eetre la conscience de soi et la r\u00e9gulation \u00e9motionnelle<\/li>\n<li><strong>\u00c9tats post-traumatiques<\/strong><br \/>\nUtilisation de la TCAI comme ressource pour att\u00e9nuer les effets du traumatisme<\/li>\n<li><strong>R\u00e9\u00e9ducation motrice fonctionnelle<\/strong><br \/>\nUtilisation de la TCAI dans le d\u00e9veloppement\u00a0 des ressources de sant\u00e9<\/li>\n<li><strong>Psychiatrie<\/strong><br \/>\nCollaboration avec des psychiatres pour \u00e9tudier l&rsquo;effet de la TCAI sur le soulagement des conditions psychiatriques<\/li>\n<li>Recherche de nouveaux outils, protocoles et m\u00e9thodologies pour former les participants \u00e0 acc\u00e9der et \u00e0 int\u00e9grer les \u00e9tats de transe<\/li>\n<\/ul>\n<\/div>\n<p><a href=\"\/fr\/transe-cognitive-auto-induite\/\">En savoir + sur la transe cognitive auto-induite<\/a><\/p>\n<h2>Protocoles initi\u00e9s\/accompagn\u00e9s par TranceScience<\/h2>\n<p><img loading=\"lazy\" decoding=\"async\" class=\"aligncenter\" src=\"\/wp-content\/uploads\/Corine-test-CHU.png\" alt=\"PET scan at CHU de Liege\" width=\"789\" height=\"444\" \/><\/p>\n<div>\n<p><strong><span class=\"uk-text-primary\">2017 \u00e0 2021<\/span><\/strong><\/p>\n<ul>\n<li><strong>La premi\u00e8re \u00e9tude<\/strong> en neurosciences sur la transe chamanique mongole, dirig\u00e9e par le Pr Flor-Henry \u00e0 l\u2019Alberta Hospital (Edmonton, Canada). R\u00e9alis\u00e9e en 2007 avec Corine Sombrun en sujet expert, publi\u00e9e en 2017 (\u00ab <em>Brain changes during a shamanic trance: Altered modes of consciousness, hemispheric laterality, and systemic psychobiology <\/em>\u00bb \u00a0\/ Flor-Henry, P. <em>et al.<\/em> (2017). <em>Cogent Psychology<\/em> 4, 1313522)<\/li>\n<li><strong>La cr\u00e9ation de s\u00e9quences sonores<\/strong> par Corine Sombrun et Elie Le Quemener pour d\u00e9clencher un \u00e9tat de transe de type TCAI<\/li>\n<li><strong>Une m\u00e9thodologie<\/strong> (en cours de publication) d\u00e9velopp\u00e9e par Corine Sombrun sous le nom de \u00ab\u00a0M\u00e9thode TCAI\u00a0\u00bb, pour apprendre \u00e0 induire un \u00e9tat de transe de type TCAI par la seule volont\u00e9.<\/li>\n<li><strong>Un protocole<\/strong> EEG, IRM, PET SCAN et TMS (Stimulation Magn\u00e9tique Trans-cr\u00e2nienne) avec Corine Sombrun en sujet expert, sous la direction du Pr Steven Laureys et des Drs Gosseries et Vanhaudenhuyse, en collaboration avec l\u2019Universit\u00e9 et le CHU de Li\u00e8ge et le Giga Conscioussness, publi\u00e9 en partie dans la revue Clinical Neurophysiology (\u00ab <em>Behavioural and brain responses in cognitive trance : A TMS-EEG case study<\/em> \/Gosseries, O. et Al. (2020). Clin Neurophysiol 131, 586\u2013588\u00a0\u00bb).<\/li>\n<li><strong>Un protocole<\/strong> EEG (en cours de publication) avec 27 sujets volontaires form\u00e9s \u00e0 la transe, sous la direction du Pr Steven Laureys et des Drs Gosseries et Vanhaudenhuyse, en collaboration avec l\u2019Universit\u00e9 et le CHU de Li\u00e8ge et le Giga Conscioussness, pour \u00e9tudier la signature c\u00e9r\u00e9brale de la transe vs m\u00e9ditation, hypnose et exp\u00e9riences de mort imminentes (EMI\/NDE).<\/li>\n<li><strong>Un protocole<\/strong> (en cours de publication) sur la mesure de l\u2019augmentation de la force en \u00e9tat de transe de type TCAI, en collaboration avec l\u2019Universit\u00e9 et le CHU de Li\u00e8ge et le laboratoire Giga Consciousness, sous la direction des Drs Audrey Vanhaudenhuyse et Olivia Gosseries.<\/li>\n<li><strong>La premi\u00e8re \u00e9tude clinique<\/strong> mondiale en oncologie (en cours) destin\u00e9e \u00e0 mesurer l\u2019impact de la pratique de la transe sur la qualit\u00e9 de vie de patients form\u00e9s \u00e0 la transe. En collaboration avec l\u2019Universit\u00e9 de Li\u00e8ge et le Giga Conscioussness, sous la direction des Drs Audrey Vanhaudenhuyse et Olivia Gosseries, supervis\u00e9e par le Dr Charlotte Gr\u00e9goire en collaboration avec Nolwenn Marie, doctorante . Financ\u00e9e par la Fondation contre le cancer belge et la Fondation T\u00e9l\u00e9vie.<\/li>\n<li><strong>La premi\u00e8re \u00e9tude clinique<\/strong> mondiale (en cours) sur l\u2019impact de la pratique de la transe pour des patients souffrant de douleurs chroniques. En collaboration avec l\u2019Universit\u00e9 et le CHU de Li\u00e8ge et le Giga Conscioussness, sous la direction des Drs Audrey Vanhaudenhuyse et Olivia Gosseries, et Aminata Bicego, doctorante.<\/li>\n<li><strong>Un test pilote<\/strong> (en cours de publication) avec une patiente souffrant de CNEPs (Crises Non-\u00c9pileptiques Psychog\u00e8nes). Cette \u00e9tude de cas, initi\u00e9e par l\u2019\u00e9quipe du service d\u2019\u00e9pileptologie de l\u2019h\u00f4pital de la Timone \u00e0 Marseille, dirig\u00e9e par le Pr Bartolomei, a \u00e9t\u00e9 r\u00e9alis\u00e9e par le Pr Agn\u00e8s Tr\u00e9buchon, neurologue, et le Dr Marie Arthuis, psychiatre.<\/li>\n<li><strong>Un test pilote<\/strong> (en cours) men\u00e9 avec une patiente souffrant d&rsquo;un \u00c9tat de Stress Post Traumatique (ESPT) associ\u00e9 \u00e0 des CNEP. Utilisation de la transe de type TCAI par la patiente en adjonction de la th\u00e9rapie d\u00e9j\u00e0 en place men\u00e9e par l&rsquo;\u00e9quipe de la Clinique Belmont (Gen\u00e8ve). Accompagnement psychoth\u00e9rapeutique par la TCAI r\u00e9alis\u00e9 par la Dre Val\u00e9rie Picard, psychiatre-psychoth\u00e9rapeute.<\/li>\n<\/ul>\n<\/div>\n<div>\n<p><strong><span class=\"uk-text-primary\">2022 &#8211; 2024<br \/>\n<\/span><\/strong><\/p>\n<ul>\n<li><strong>Un protocole<\/strong> (en cours de publication) sur la mesure de la perception de la douleur en \u00e9tat de transe de type TCAI, en collaboration avec l\u2019Universit\u00e9 et le CHU de Li\u00e8ge et le laboratoire Giga Consciousness, sous la direction des Drs Audrey Vanhaudenhuyse et Olivia Gosseries.<\/li>\n<li><strong>Une \u00e9tude<\/strong> (EEG) sur les effets de la transe en conditions d\u2019apesanteur (\u00e0 bord de l\u2019Airbus Z\u00e9ro-G), En collaboration avec le CNES\/observatoire de l\u2019Espace, port\u00e9e par le Dr Vanhaudenhuyse, en collaboration avec le CNES\/Observatoire de l\u2019Espace, l\u2019Universit\u00e9 de Li\u00e8ge, le Giga Conscioussness, Antoine Bioy (Universite\u0301 Paris 8 Vincennes Saint-Denis), Audrey Vanhaudenhuyse et Olivia Gosseries (Universite\u0301 et Ho\u0302pital Universitaire de Lie\u0300ge), Alexandre Coutte (Universite\u0301 de Paris Nanterre), Joanic Masson (Universite\u0301 de Picardie Jules Verne), Baptiste Lignier et Pierre de Oliveira (Universite\u0301 de Bourgogne), Renaud Evrard de (Universite\u0301 de Lorraine) et Corine Sombrun (Institut TranceScience)<\/li>\n<li><strong>Un protocole<\/strong> (en cours) sur l\u2019\u00e9tude du protolangage dans le domaine de la violence verbale, mis en \u0153uvre par B\u00e9atrice Fracchiolla, professeure en Sciences du Langage (Laboratoire du CREM EA-3476, Universit\u00e9 de Lorraine, Bureau D203, UFR SHS &#8211; \u00eele du Saulcy, 57000 Metz).<\/li>\n<li><strong>Un protocole<\/strong> d\u2019analyse des s\u00e9quences sonores \u00e9labor\u00e9es par Corine Sombrun et Elie Le Quemener pour induire un \u00e9tat de transe. Cette \u00e9tude, men\u00e9e par le Pr. Agn\u00e8s Tr\u00e9buchon, en collaboration avec plusieurs chercheurs marseillais et un chercheur canadien, a pour objectif d\u2019avancer dans la compr\u00e9hension des m\u00e9canismes neurophysiologiques \u00e0 l\u2019\u0153uvre pendant l\u2019\u00e9coute de ces sons.<\/li>\n<li><strong>Un protocole<\/strong> <em>TranceArt Research<\/em>, dans le domaine de la danse contemporaine et de la performance artistique, inspir\u00e9 par les r\u00e9centes avanc\u00e9es sur l\u2019\u00e9tude en neurosciences de la TCAI. Ce protocole, men\u00e9 en collaboration avec Simon Mayer\/Kopfhoch Company, Audrey Vanhaudenhuyse et Olivia Gosseries (Giga Conscioussness-Universit\u00e9 de Li\u00e8ge et CHU de Li\u00e8ge), et le Dr Manuel Schabus (CCNS Salzburg avec le MUK\/Sead\/MDW), vise \u00e0 \u00e9tudier le rapport entre la transe et la pratique artistique ainsi que le celui de l\u2019interaction entre le performer et le public.<\/li>\n<\/ul>\n<\/div>\n<p><img loading=\"lazy\" decoding=\"async\" class=\"aligncenter\" src=\"\/wp-content\/uploads\/2019-09-15-09.37.07.jpg\" alt=\"PET scan at CHU de Liege\" width=\"841\" height=\"473\" \/><\/p>\n<p><a href=\"\/fr\/transe-cognitive-auto-induite\/\">En savoir + sur la transe cognitive auto-induite<\/a><\/p>\n<h2>Projets de Recherche \u00e0 fort impact soci\u00e9tal<\/h2>\n<div>\n<p>Le <em>TranceScience Research Institute<\/em> examine actuellement de nouvelles propositions de recherches dont les retomb\u00e9es scientifiques b\u00e9n\u00e9ficieront \u00e0 un nombre toujours plus important de personnes. La priorit\u00e9 est donc donn\u00e9e aux protocoles de recherche dont les r\u00e9sultats pr\u00e9liminaires sont les plus probants et pour lesquels les capacit\u00e9s de recherche sont optimales afin d&rsquo;acc\u00e9l\u00e9rer la publication d&rsquo;articles scientifiques majeurs.<\/p>\n<\/div>\n<p>&nbsp;<\/p>\n<p><a href=\"\/fr\/transe-cognitive-auto-induite\/\">En savoir + sur la transe cognitive auto-induite<\/a><\/p>\n<ul>\n<li><img loading=\"lazy\" decoding=\"async\" class=\"aligncenter\" src=\"\/wp-content\/uploads\/TranceScience-EEG-CHU-de-Liege-02.jpg\" alt=\"EEG at CHU de Liege\" width=\"892\" height=\"605\" \/><br \/>\n<h3>EEG at CHU de Liege<\/h3>\n<\/li>\n<\/ul>\n<p><img decoding=\"async\" src=\"\/wp-content\/uploads\/Photo-cohorte-3.png\" alt=\"Cohorte de transeurs pour \u00e9tude EEG et membres de l'\u00e9quipe du GIGA-Consciousness de Li\u00e8ge\" \/><\/p>\n<h3><\/h3>\n<p>&nbsp;<\/p>\n<h3 style=\"padding-left: 40px;\">Cohorte de transeurs pour \u00e9tude EEG et membres de l&rsquo;\u00e9quipe du GIGA-Consciousness de Li\u00e8ge<\/h3>\n<p style=\"padding-left: 40px;\"><img decoding=\"async\" src=\"\/wp-content\/uploads\/TranceScience-Olivia-Gosseries-Audrey-Vanhaudenhuyse-Charlotte-Gregoire-CHU-de-Liege.jpg\" alt=\"Drs Charlotte Gr\u00e9goire, Audrey Vanhaudenhuyse et Olivia Gosseries, responsables de l\u2019\u00e9tude en oncologie au CHU de Li\u00e8ge\" \/><\/p>\n<h3 style=\"padding-left: 40px;\">Drs Charlotte Gr\u00e9goire, Audrey Vanhaudenhuyse et Olivia Gosseries, responsables de l\u2019\u00e9tude en oncologie au CHU de Li\u00e8ge<\/h3>\n<h2>Nos moyens<\/h2>\n<ul>\n<li>\n<h3>R\u00e9seau international<\/h3>\n<div>\n<p>de collaborations scientifiques &#8211; en particulier avec des laboratoires universitaires en neurosciences &#8211; pour \u00e9tudier les \u00e9tats de transe comme moyen de r\u00e9v\u00e9ler les aspects fondamentaux des fonctions c\u00e9r\u00e9brales<\/p>\n<\/div>\n<\/li>\n<li>\n<h3>Recherche et d\u00e9veloppement<\/h3>\n<div>\n<p>d&rsquo;outils pour une utilisation s\u00fbre et percutante de la transe cognitive auto-induite dans une vari\u00e9t\u00e9 de domaines<\/p>\n<\/div>\n<\/li>\n<li>\n<h3>M\u00e9dias et conf\u00e9rences<\/h3>\n<div>\n<p>pour partager nos recherches et nos exp\u00e9rimentations (r\u00e9unions scientifiques, articles, livres, films, conf\u00e9rences)<\/p>\n<\/div>\n<\/li>\n<li>\n<h3>Formations<\/h3>\n<div>\n<p>sur la transe cognitive auto-induite pour des personnes et des groupes, dans des environnements acad\u00e9miques, th\u00e9rapeutiques, corporatifs ; \u00e9laboration de programmes pour former des professionnels de sant\u00e9 et de futurs enseignants en TCAI<\/p>\n<\/div>\n<\/li>\n<li>\n<h3>Bourses d&rsquo;\u00e9tudes<\/h3>\n<div>\n<p>pour les doctorants et post-doctorants<\/p>\n<p>Bourse de doctorat <strong>Hugues Charnallet<\/strong><\/p>\n<p>Bourse Post-doctorale <strong>Francis Taulelle<\/strong><\/p>\n<\/div>\n<\/li>\n<\/ul>\n<h2>Envie d&rsquo;en apprendre plus ?<\/h2>\n<div>\n<p>Assistez \u00e0 nos \u00e9v\u00e9nements<br \/>\nou revivez les en replay<\/p>\n<\/div>\n<p><a href=\"\/fr\/evenements\/\">\u00c9v\u00e9nements<\/a><\/p>\n<h2>Besoin d&rsquo;approfondir ?<\/h2>\n<div>\n<p>Consultez nos ouvrages de r\u00e9f\u00e9rence et<br \/>\nnos publications scientifiques<\/p>\n<\/div>\n<p><a href=\"\/fr\/bibliographie\/\">Bibliographie<\/a><\/p>\n<p><!--more--><\/p>\n","protected":false},"excerpt":{"rendered":"<p>TranceScience effectue des recherches scientifiques sur la transe, tout en explorant ses applications potentielles dans des domaines vari\u00e9s Nos activit\u00e9s &nbsp; Recherche fondamentale sur la structure et l&rsquo;activit\u00e9 c\u00e9r\u00e9brale TranceScience m\u00e8ne diff\u00e9rents projets de recherche sur la structure et l&rsquo;activit\u00e9 du cerveau dans des \u00e9tats de transe de type TCAI (transe cognitive auto-induite) en dissociant [&hellip;]<\/p>\n","protected":false},"author":5,"featured_media":0,"parent":0,"menu_order":3,"comment_status":"closed","ping_status":"closed","template":"","meta":{"footnotes":""},"class_list":["post-37","page","type-page","status-publish","hentry"],"yoast_head":"<!-- This site is optimized with the Yoast SEO plugin v27.3 - https:\/\/yoast.com\/product\/yoast-seo-wordpress\/ -->\n<title>Recherche - TranceScience<\/title>\n<meta name=\"robots\" content=\"index, follow, max-snippet:-1, max-image-preview:large, max-video-preview:-1\" \/>\n<link rel=\"canonical\" href=\"https:\/\/trancescience.org\/fr\/recherche\/\" \/>\n<meta property=\"og:locale\" content=\"fr_FR\" \/>\n<meta property=\"og:type\" content=\"article\" \/>\n<meta property=\"og:title\" content=\"Recherche - TranceScience\" \/>\n<meta property=\"og:description\" content=\"TranceScience effectue des recherches scientifiques sur la transe, tout en explorant ses applications potentielles dans des domaines vari\u00e9s Nos activit\u00e9s &nbsp; Recherche fondamentale sur la structure et l&rsquo;activit\u00e9 c\u00e9r\u00e9brale TranceScience m\u00e8ne diff\u00e9rents projets de recherche sur la structure et l&rsquo;activit\u00e9 du cerveau dans des \u00e9tats de transe de type TCAI (transe cognitive auto-induite) en dissociant [&hellip;]\" \/>\n<meta property=\"og:url\" content=\"https:\/\/trancescience.org\/fr\/recherche\/\" \/>\n<meta property=\"og:site_name\" content=\"TranceScience\" \/>\n<meta property=\"article:modified_time\" content=\"2025-09-30T15:19:52+00:00\" \/>\n<meta name=\"twitter:card\" content=\"summary_large_image\" \/>\n<meta name=\"twitter:label1\" content=\"Dur\u00e9e de lecture estim\u00e9e\" \/>\n\t<meta name=\"twitter:data1\" content=\"9 minutes\" \/>\n<script type=\"application\/ld+json\" class=\"yoast-schema-graph\">{\"@context\":\"https:\\\/\\\/schema.org\",\"@graph\":[{\"@type\":\"WebPage\",\"@id\":\"https:\\\/\\\/trancescience.org\\\/fr\\\/recherche\\\/\",\"url\":\"https:\\\/\\\/trancescience.org\\\/fr\\\/recherche\\\/\",\"name\":\"Recherche - TranceScience\",\"isPartOf\":{\"@id\":\"https:\\\/\\\/trancescience.org\\\/fr\\\/#website\"},\"datePublished\":\"2021-02-19T20:41:08+00:00\",\"dateModified\":\"2025-09-30T15:19:52+00:00\",\"breadcrumb\":{\"@id\":\"https:\\\/\\\/trancescience.org\\\/fr\\\/recherche\\\/#breadcrumb\"},\"inLanguage\":\"fr-FR\",\"potentialAction\":[{\"@type\":\"ReadAction\",\"target\":[\"https:\\\/\\\/trancescience.org\\\/fr\\\/recherche\\\/\"]}]},{\"@type\":\"BreadcrumbList\",\"@id\":\"https:\\\/\\\/trancescience.org\\\/fr\\\/recherche\\\/#breadcrumb\",\"itemListElement\":[{\"@type\":\"ListItem\",\"position\":1,\"name\":\"Accueil\",\"item\":\"https:\\\/\\\/trancescience.org\\\/fr\\\/\"},{\"@type\":\"ListItem\",\"position\":2,\"name\":\"Recherche\"}]},{\"@type\":\"WebSite\",\"@id\":\"https:\\\/\\\/trancescience.org\\\/fr\\\/#website\",\"url\":\"https:\\\/\\\/trancescience.org\\\/fr\\\/\",\"name\":\"TranceScience\",\"description\":\"\",\"publisher\":{\"@id\":\"https:\\\/\\\/trancescience.org\\\/fr\\\/#organization\"},\"potentialAction\":[{\"@type\":\"SearchAction\",\"target\":{\"@type\":\"EntryPoint\",\"urlTemplate\":\"https:\\\/\\\/trancescience.org\\\/fr\\\/?s={search_term_string}\"},\"query-input\":{\"@type\":\"PropertyValueSpecification\",\"valueRequired\":true,\"valueName\":\"search_term_string\"}}],\"inLanguage\":\"fr-FR\"},{\"@type\":\"Organization\",\"@id\":\"https:\\\/\\\/trancescience.org\\\/fr\\\/#organization\",\"name\":\"TranceScience Research Institute\",\"url\":\"https:\\\/\\\/trancescience.org\\\/fr\\\/\",\"logo\":{\"@type\":\"ImageObject\",\"inLanguage\":\"fr-FR\",\"@id\":\"https:\\\/\\\/trancescience.org\\\/fr\\\/#\\\/schema\\\/logo\\\/image\\\/\",\"url\":\"https:\\\/\\\/trancescience.org\\\/wp-content\\\/uploads\\\/TranceScience-Logo-horizontal-rectangle.png\",\"contentUrl\":\"https:\\\/\\\/trancescience.org\\\/wp-content\\\/uploads\\\/TranceScience-Logo-horizontal-rectangle.png\",\"width\":960,\"height\":640,\"caption\":\"TranceScience Research Institute\"},\"image\":{\"@id\":\"https:\\\/\\\/trancescience.org\\\/fr\\\/#\\\/schema\\\/logo\\\/image\\\/\"}}]}<\/script>\n<!-- \/ Yoast SEO plugin. -->","yoast_head_json":{"title":"Recherche - TranceScience","robots":{"index":"index","follow":"follow","max-snippet":"max-snippet:-1","max-image-preview":"max-image-preview:large","max-video-preview":"max-video-preview:-1"},"canonical":"https:\/\/trancescience.org\/fr\/recherche\/","og_locale":"fr_FR","og_type":"article","og_title":"Recherche - TranceScience","og_description":"TranceScience effectue des recherches scientifiques sur la transe, tout en explorant ses applications potentielles dans des domaines vari\u00e9s Nos activit\u00e9s &nbsp; Recherche fondamentale sur la structure et l&rsquo;activit\u00e9 c\u00e9r\u00e9brale TranceScience m\u00e8ne diff\u00e9rents projets de recherche sur la structure et l&rsquo;activit\u00e9 du cerveau dans des \u00e9tats de transe de type TCAI (transe cognitive auto-induite) en dissociant [&hellip;]","og_url":"https:\/\/trancescience.org\/fr\/recherche\/","og_site_name":"TranceScience","article_modified_time":"2025-09-30T15:19:52+00:00","twitter_card":"summary_large_image","twitter_misc":{"Dur\u00e9e de lecture estim\u00e9e":"9 minutes"},"schema":{"@context":"https:\/\/schema.org","@graph":[{"@type":"WebPage","@id":"https:\/\/trancescience.org\/fr\/recherche\/","url":"https:\/\/trancescience.org\/fr\/recherche\/","name":"Recherche - TranceScience","isPartOf":{"@id":"https:\/\/trancescience.org\/fr\/#website"},"datePublished":"2021-02-19T20:41:08+00:00","dateModified":"2025-09-30T15:19:52+00:00","breadcrumb":{"@id":"https:\/\/trancescience.org\/fr\/recherche\/#breadcrumb"},"inLanguage":"fr-FR","potentialAction":[{"@type":"ReadAction","target":["https:\/\/trancescience.org\/fr\/recherche\/"]}]},{"@type":"BreadcrumbList","@id":"https:\/\/trancescience.org\/fr\/recherche\/#breadcrumb","itemListElement":[{"@type":"ListItem","position":1,"name":"Accueil","item":"https:\/\/trancescience.org\/fr\/"},{"@type":"ListItem","position":2,"name":"Recherche"}]},{"@type":"WebSite","@id":"https:\/\/trancescience.org\/fr\/#website","url":"https:\/\/trancescience.org\/fr\/","name":"TranceScience","description":"","publisher":{"@id":"https:\/\/trancescience.org\/fr\/#organization"},"potentialAction":[{"@type":"SearchAction","target":{"@type":"EntryPoint","urlTemplate":"https:\/\/trancescience.org\/fr\/?s={search_term_string}"},"query-input":{"@type":"PropertyValueSpecification","valueRequired":true,"valueName":"search_term_string"}}],"inLanguage":"fr-FR"},{"@type":"Organization","@id":"https:\/\/trancescience.org\/fr\/#organization","name":"TranceScience Research Institute","url":"https:\/\/trancescience.org\/fr\/","logo":{"@type":"ImageObject","inLanguage":"fr-FR","@id":"https:\/\/trancescience.org\/fr\/#\/schema\/logo\/image\/","url":"https:\/\/trancescience.org\/wp-content\/uploads\/TranceScience-Logo-horizontal-rectangle.png","contentUrl":"https:\/\/trancescience.org\/wp-content\/uploads\/TranceScience-Logo-horizontal-rectangle.png","width":960,"height":640,"caption":"TranceScience Research Institute"},"image":{"@id":"https:\/\/trancescience.org\/fr\/#\/schema\/logo\/image\/"}}]}},"_links":{"self":[{"href":"https:\/\/trancescience.org\/fr\/wp-json\/wp\/v2\/pages\/37","targetHints":{"allow":["GET"]}}],"collection":[{"href":"https:\/\/trancescience.org\/fr\/wp-json\/wp\/v2\/pages"}],"about":[{"href":"https:\/\/trancescience.org\/fr\/wp-json\/wp\/v2\/types\/page"}],"author":[{"embeddable":true,"href":"https:\/\/trancescience.org\/fr\/wp-json\/wp\/v2\/users\/5"}],"replies":[{"embeddable":true,"href":"https:\/\/trancescience.org\/fr\/wp-json\/wp\/v2\/comments?post=37"}],"version-history":[{"count":0,"href":"https:\/\/trancescience.org\/fr\/wp-json\/wp\/v2\/pages\/37\/revisions"}],"wp:attachment":[{"href":"https:\/\/trancescience.org\/fr\/wp-json\/wp\/v2\/media?parent=37"}],"curies":[{"name":"wp","href":"https:\/\/api.w.org\/{rel}","templated":true}]}}