{"id":278,"date":"2021-03-20T10:11:27","date_gmt":"2021-03-20T09:11:27","guid":{"rendered":"https:\/\/trancescience.org\/?page_id=278"},"modified":"2024-07-30T16:38:13","modified_gmt":"2024-07-30T15:38:13","slug":"confirmation-de-contact","status":"publish","type":"page","link":"https:\/\/trancescience.org\/fr\/nous-contacter\/confirmation-de-contact\/","title":{"rendered":"Confirmation de contact"},"content":{"rendered":"<h1>Nous contacter<\/h1>\n<div>\n<p>Vous souhaitez obtenir plus d&rsquo;informations sur nos travaux, recevoir nos actualit\u00e9s ou collaborer avec notre Institut, laissez-nous vos coordonn\u00e9es !<\/p>\n<\/div>\n<div>\n<h2>Confirmation<\/h2>\n<div>\n<p>Votre demande d&rsquo;information a bien \u00e9t\u00e9 enregistr\u00e9e. Nous allons vous r\u00e9pondre dans les meilleurs d\u00e9lais.<\/p>\n<p>Merci de nous avoir contact\u00e9s.<\/p>\n<\/div>\n<\/div>\n<h2>Envie d&rsquo;en apprendre plus ?<\/h2>\n<div>\n<p>Assistez \u00e0 nos \u00e9v\u00e9nements <br \/>ou revivez les en replay<\/p>\n<\/div>\n<p>\n    <a href=\"\/fr\/evenements\/\">\u00c9v\u00e9nements<\/a>\n<\/p>\n<h2>Besoin d&rsquo;approfondir ?<\/h2>\n<div>\n<p>Consultez nos ouvrages de r\u00e9f\u00e9rence et <br \/>nos publications scientifiques<\/p>\n<\/div>\n<p>\n    <a href=\"\/fr\/bibliographie\/\">Bibliographie<\/a>\n<\/p>\n<p><!--more--><br \/>\n<!-- {\"name\":\"Page EN \\\"Contact us\\\" (v. 1)\",\"type\":\"layout\",\"children\":[{\"name\":\"Hero\",\"type\":\"section\",\"props\":{\"animation\":\"fade\",\"image\":\"\",\"image_position\":\"center-center\",\"image_size\":\"cover\",\"image_width\":\"2560\",\"padding\":\"large\",\"style\":\"default\",\"title_breakpoint\":\"xl\",\"title_position\":\"top-left\",\"title_rotation\":\"left\",\"vertical_align\":\"middle\",\"width\":\"default\"},\"children\":[{\"name\":\"\",\"type\":\"row\",\"children\":[{\"name\":\"\",\"type\":\"column\",\"props\":{\"image_position\":\"center-center\",\"media_overlay_gradient\":\"\",\"position_sticky_breakpoint\":\"m\",\"text_color\":\"dark\",\"width_medium\":\"1-1\"},\"children\":[{\"name\":\"\",\"type\":\"headline\",\"props\":{\"content\":\"Nous contacter\",\"margin_remove_top\":true,\"text_align\":\"center\",\"title_element\":\"h1\",\"title_style\":\"heading-small\"}},{\"name\":\"\",\"type\":\"text\",\"props\":{\"block_align\":\"center\",\"column_breakpoint\":\"m\",\"content\":\"\n\n<p>Vous souhaitez obtenir plus d'informations sur nos travaux, recevoir nos actualit\\u00e9s ou collaborer avec notre Institut, laissez-nous vos coordonn\\u00e9es !<\\\/p>\",\"margin\":\"default\",\"maxwidth\":\"xlarge\",\"text_align\":\"center\",\"text_style\":\"lead\"}}]}]}]},{\"name\":\"Formulaire de contact\",\"type\":\"section\",\"props\":{\"animation\":\"slide-top-small\",\"animation_delay\":\"200\",\"image_position\":\"center-center\",\"image_size\":\"cover\",\"style\":\"default\",\"title_breakpoint\":\"xl\",\"title_position\":\"top-left\",\"title_rotation\":\"left\",\"vertical_align\":\"middle\",\"width\":\"default\"},\"children\":[{\"name\":\"\",\"type\":\"row\",\"props\":{\"margin\":\"large\"},\"children\":[{\"name\":\"\",\"type\":\"column\",\"props\":{\"image_position\":\"center-center\",\"media_overlay_gradient\":\"\",\"position_sticky_breakpoint\":\"m\",\"width_medium\":\"\"},\"children\":[{\"type\":\"alert\",\"props\":{\"alert_size\":true,\"alert_style\":\"success\",\"content\":\"\n\n<p>Votre demande d'information a bien \\u00e9t\\u00e9 enregistr\\u00e9e. Nous allons vous r\\u00e9pondre dans les meilleurs d\\u00e9lais.<\\\/p>\\n\n\n<p>Merci de nous avoir contact\\u00e9s.<\\\/p>\",\"content_style\":\"lead\",\"title\":\"Confirmation\",\"title_element\":\"h2\"}}]}]}]},{\"name\":\"Call to action\",\"type\":\"section\",\"props\":{\"animation\":\"slide-bottom-medium\",\"animation_delay\":\"200\",\"image_position\":\"center-center\",\"image_size\":\"cover\",\"padding\":\"large\",\"style\":\"muted\",\"title_breakpoint\":\"xl\",\"title_position\":\"top-left\",\"title_rotation\":\"left\",\"vertical_align\":\"middle\",\"width\":\"default\"},\"children\":[{\"name\":\"\",\"type\":\"row\",\"props\":{\"divider\":true,\"layout\":\"1-2,1-2\"},\"children\":[{\"name\":\"\",\"type\":\"column\",\"props\":{\"image_position\":\"center-center\",\"media_overlay_gradient\":\"\",\"position_sticky_breakpoint\":\"m\",\"width_medium\":\"1-2\"},\"children\":[{\"name\":\"\",\"type\":\"headline\",\"props\":{\"content\":\"Envie d'en apprendre plus ?\",\"text_align\":\"center\",\"title_element\":\"h2\",\"title_style\":\"h3\"}},{\"name\":\"\",\"type\":\"text\",\"props\":{\"column_breakpoint\":\"m\",\"content\":\"\n\n<p>Assistez \\u00e0 nos \\u00e9v\\u00e9nements <br \\\/>ou revivez les en replay<\\\/p>\",\"margin\":\"default\",\"text_align\":\"center\"}},{\"name\":\"\",\"type\":\"button\",\"props\":{\"grid_column_gap\":\"small\",\"grid_row_gap\":\"small\",\"margin\":\"default\",\"text_align\":\"center\"},\"children\":[{\"name\":\"\",\"type\":\"button_item\",\"props\":{\"button_style\":\"primary\",\"content\":\"\\u00c9v\\u00e9nements\",\"icon_align\":\"left\",\"link\":\"fr\\\/evenements\\\/\",\"link_title\":\"\\u00c9v\\u00e9nements\"}}]}]},{\"name\":\"\",\"type\":\"column\",\"props\":{\"image_position\":\"center-center\",\"media_overlay_gradient\":\"\",\"position_sticky_breakpoint\":\"m\",\"width_medium\":\"1-2\"},\"children\":[{\"name\":\"\",\"type\":\"headline\",\"props\":{\"content\":\"Besoin d'approfondir ?\",\"text_align\":\"center\",\"title_element\":\"h2\",\"title_style\":\"h3\"}},{\"name\":\"\",\"type\":\"text\",\"props\":{\"column_breakpoint\":\"m\",\"content\":\"\n\n<p>Consultez nos ouvrages de r\\u00e9f\\u00e9rence et <br \\\/>nos publications scientifiques<\\\/p>\",\"margin\":\"default\",\"text_align\":\"center\"}},{\"name\":\"\",\"type\":\"button\",\"props\":{\"grid_column_gap\":\"small\",\"grid_row_gap\":\"small\",\"margin\":\"default\",\"text_align\":\"center\"},\"children\":[{\"name\":\"\",\"type\":\"button_item\",\"props\":{\"button_style\":\"primary\",\"content\":\"Bibliographie\",\"icon_align\":\"left\",\"link\":\"fr\\\/bibliographie\\\/\",\"link_title\":\"Bibliographie\"}}]}]}]}]}],\"version\":\"3.0.19\"} --><\/p>\n","protected":false},"excerpt":{"rendered":"<p>Nous contacter Vous souhaitez obtenir plus d&rsquo;informations sur nos travaux, recevoir nos actualit\u00e9s ou collaborer avec notre Institut, laissez-nous vos coordonn\u00e9es ! Confirmation Votre demande d&rsquo;information a bien \u00e9t\u00e9 enregistr\u00e9e. Nous allons vous r\u00e9pondre dans les meilleurs d\u00e9lais. Merci de nous avoir contact\u00e9s. Envie d&rsquo;en apprendre plus ? Assistez \u00e0 nos \u00e9v\u00e9nements ou revivez les [&hellip;]<\/p>\n","protected":false},"author":5,"featured_media":0,"parent":27,"menu_order":0,"comment_status":"closed","ping_status":"closed","template":"","meta":{"footnotes":""},"class_list":["post-278","page","type-page","status-publish","hentry"],"yoast_head":"<!-- This site is optimized with the Yoast SEO plugin v27.3 - https:\/\/yoast.com\/product\/yoast-seo-wordpress\/ -->\n<title>Confirmation de contact - TranceScience<\/title>\n<meta name=\"robots\" content=\"index, follow, max-snippet:-1, max-image-preview:large, max-video-preview:-1\" \/>\n<link rel=\"canonical\" href=\"https:\/\/trancescience.org\/fr\/nous-contacter\/confirmation-de-contact\/\" \/>\n<meta property=\"og:locale\" content=\"fr_FR\" \/>\n<meta property=\"og:type\" content=\"article\" \/>\n<meta property=\"og:title\" content=\"Confirmation de contact - TranceScience\" \/>\n<meta property=\"og:description\" content=\"Nous contacter Vous souhaitez obtenir plus d&rsquo;informations sur nos travaux, recevoir nos actualit\u00e9s ou collaborer avec notre Institut, laissez-nous vos coordonn\u00e9es ! Confirmation Votre demande d&rsquo;information a bien \u00e9t\u00e9 enregistr\u00e9e. Nous allons vous r\u00e9pondre dans les meilleurs d\u00e9lais. Merci de nous avoir contact\u00e9s. Envie d&rsquo;en apprendre plus ? Assistez \u00e0 nos \u00e9v\u00e9nements ou revivez les [&hellip;]\" \/>\n<meta property=\"og:url\" content=\"https:\/\/trancescience.org\/fr\/nous-contacter\/confirmation-de-contact\/\" \/>\n<meta property=\"og:site_name\" content=\"TranceScience\" \/>\n<meta property=\"article:modified_time\" content=\"2024-07-30T15:38:13+00:00\" \/>\n<meta name=\"twitter:card\" content=\"summary_large_image\" \/>\n<script type=\"application\/ld+json\" class=\"yoast-schema-graph\">{\"@context\":\"https:\\\/\\\/schema.org\",\"@graph\":[{\"@type\":\"WebPage\",\"@id\":\"https:\\\/\\\/trancescience.org\\\/fr\\\/nous-contacter\\\/confirmation-de-contact\\\/\",\"url\":\"https:\\\/\\\/trancescience.org\\\/fr\\\/nous-contacter\\\/confirmation-de-contact\\\/\",\"name\":\"Confirmation de contact - TranceScience\",\"isPartOf\":{\"@id\":\"https:\\\/\\\/trancescience.org\\\/fr\\\/#website\"},\"datePublished\":\"2021-03-20T09:11:27+00:00\",\"dateModified\":\"2024-07-30T15:38:13+00:00\",\"breadcrumb\":{\"@id\":\"https:\\\/\\\/trancescience.org\\\/fr\\\/nous-contacter\\\/confirmation-de-contact\\\/#breadcrumb\"},\"inLanguage\":\"fr-FR\",\"potentialAction\":[{\"@type\":\"ReadAction\",\"target\":[\"https:\\\/\\\/trancescience.org\\\/fr\\\/nous-contacter\\\/confirmation-de-contact\\\/\"]}]},{\"@type\":\"BreadcrumbList\",\"@id\":\"https:\\\/\\\/trancescience.org\\\/fr\\\/nous-contacter\\\/confirmation-de-contact\\\/#breadcrumb\",\"itemListElement\":[{\"@type\":\"ListItem\",\"position\":1,\"name\":\"Accueil\",\"item\":\"https:\\\/\\\/trancescience.org\\\/fr\\\/\"},{\"@type\":\"ListItem\",\"position\":2,\"name\":\"Nous contacter\",\"item\":\"https:\\\/\\\/trancescience.org\\\/fr\\\/nous-contacter\\\/\"},{\"@type\":\"ListItem\",\"position\":3,\"name\":\"Confirmation de contact\"}]},{\"@type\":\"WebSite\",\"@id\":\"https:\\\/\\\/trancescience.org\\\/fr\\\/#website\",\"url\":\"https:\\\/\\\/trancescience.org\\\/fr\\\/\",\"name\":\"TranceScience\",\"description\":\"\",\"publisher\":{\"@id\":\"https:\\\/\\\/trancescience.org\\\/fr\\\/#organization\"},\"potentialAction\":[{\"@type\":\"SearchAction\",\"target\":{\"@type\":\"EntryPoint\",\"urlTemplate\":\"https:\\\/\\\/trancescience.org\\\/fr\\\/?s={search_term_string}\"},\"query-input\":{\"@type\":\"PropertyValueSpecification\",\"valueRequired\":true,\"valueName\":\"search_term_string\"}}],\"inLanguage\":\"fr-FR\"},{\"@type\":\"Organization\",\"@id\":\"https:\\\/\\\/trancescience.org\\\/fr\\\/#organization\",\"name\":\"TranceScience Research Institute\",\"url\":\"https:\\\/\\\/trancescience.org\\\/fr\\\/\",\"logo\":{\"@type\":\"ImageObject\",\"inLanguage\":\"fr-FR\",\"@id\":\"https:\\\/\\\/trancescience.org\\\/fr\\\/#\\\/schema\\\/logo\\\/image\\\/\",\"url\":\"https:\\\/\\\/trancescience.org\\\/wp-content\\\/uploads\\\/TranceScience-Logo-horizontal-rectangle.png\",\"contentUrl\":\"https:\\\/\\\/trancescience.org\\\/wp-content\\\/uploads\\\/TranceScience-Logo-horizontal-rectangle.png\",\"width\":960,\"height\":640,\"caption\":\"TranceScience Research Institute\"},\"image\":{\"@id\":\"https:\\\/\\\/trancescience.org\\\/fr\\\/#\\\/schema\\\/logo\\\/image\\\/\"}}]}<\/script>\n<!-- \/ Yoast SEO plugin. -->","yoast_head_json":{"title":"Confirmation de contact - TranceScience","robots":{"index":"index","follow":"follow","max-snippet":"max-snippet:-1","max-image-preview":"max-image-preview:large","max-video-preview":"max-video-preview:-1"},"canonical":"https:\/\/trancescience.org\/fr\/nous-contacter\/confirmation-de-contact\/","og_locale":"fr_FR","og_type":"article","og_title":"Confirmation de contact - TranceScience","og_description":"Nous contacter Vous souhaitez obtenir plus d&rsquo;informations sur nos travaux, recevoir nos actualit\u00e9s ou collaborer avec notre Institut, laissez-nous vos coordonn\u00e9es ! Confirmation Votre demande d&rsquo;information a bien \u00e9t\u00e9 enregistr\u00e9e. Nous allons vous r\u00e9pondre dans les meilleurs d\u00e9lais. Merci de nous avoir contact\u00e9s. Envie d&rsquo;en apprendre plus ? Assistez \u00e0 nos \u00e9v\u00e9nements ou revivez les [&hellip;]","og_url":"https:\/\/trancescience.org\/fr\/nous-contacter\/confirmation-de-contact\/","og_site_name":"TranceScience","article_modified_time":"2024-07-30T15:38:13+00:00","twitter_card":"summary_large_image","schema":{"@context":"https:\/\/schema.org","@graph":[{"@type":"WebPage","@id":"https:\/\/trancescience.org\/fr\/nous-contacter\/confirmation-de-contact\/","url":"https:\/\/trancescience.org\/fr\/nous-contacter\/confirmation-de-contact\/","name":"Confirmation de contact - TranceScience","isPartOf":{"@id":"https:\/\/trancescience.org\/fr\/#website"},"datePublished":"2021-03-20T09:11:27+00:00","dateModified":"2024-07-30T15:38:13+00:00","breadcrumb":{"@id":"https:\/\/trancescience.org\/fr\/nous-contacter\/confirmation-de-contact\/#breadcrumb"},"inLanguage":"fr-FR","potentialAction":[{"@type":"ReadAction","target":["https:\/\/trancescience.org\/fr\/nous-contacter\/confirmation-de-contact\/"]}]},{"@type":"BreadcrumbList","@id":"https:\/\/trancescience.org\/fr\/nous-contacter\/confirmation-de-contact\/#breadcrumb","itemListElement":[{"@type":"ListItem","position":1,"name":"Accueil","item":"https:\/\/trancescience.org\/fr\/"},{"@type":"ListItem","position":2,"name":"Nous contacter","item":"https:\/\/trancescience.org\/fr\/nous-contacter\/"},{"@type":"ListItem","position":3,"name":"Confirmation de contact"}]},{"@type":"WebSite","@id":"https:\/\/trancescience.org\/fr\/#website","url":"https:\/\/trancescience.org\/fr\/","name":"TranceScience","description":"","publisher":{"@id":"https:\/\/trancescience.org\/fr\/#organization"},"potentialAction":[{"@type":"SearchAction","target":{"@type":"EntryPoint","urlTemplate":"https:\/\/trancescience.org\/fr\/?s={search_term_string}"},"query-input":{"@type":"PropertyValueSpecification","valueRequired":true,"valueName":"search_term_string"}}],"inLanguage":"fr-FR"},{"@type":"Organization","@id":"https:\/\/trancescience.org\/fr\/#organization","name":"TranceScience Research Institute","url":"https:\/\/trancescience.org\/fr\/","logo":{"@type":"ImageObject","inLanguage":"fr-FR","@id":"https:\/\/trancescience.org\/fr\/#\/schema\/logo\/image\/","url":"https:\/\/trancescience.org\/wp-content\/uploads\/TranceScience-Logo-horizontal-rectangle.png","contentUrl":"https:\/\/trancescience.org\/wp-content\/uploads\/TranceScience-Logo-horizontal-rectangle.png","width":960,"height":640,"caption":"TranceScience Research Institute"},"image":{"@id":"https:\/\/trancescience.org\/fr\/#\/schema\/logo\/image\/"}}]}},"_links":{"self":[{"href":"https:\/\/trancescience.org\/fr\/wp-json\/wp\/v2\/pages\/278","targetHints":{"allow":["GET"]}}],"collection":[{"href":"https:\/\/trancescience.org\/fr\/wp-json\/wp\/v2\/pages"}],"about":[{"href":"https:\/\/trancescience.org\/fr\/wp-json\/wp\/v2\/types\/page"}],"author":[{"embeddable":true,"href":"https:\/\/trancescience.org\/fr\/wp-json\/wp\/v2\/users\/5"}],"replies":[{"embeddable":true,"href":"https:\/\/trancescience.org\/fr\/wp-json\/wp\/v2\/comments?post=278"}],"version-history":[{"count":0,"href":"https:\/\/trancescience.org\/fr\/wp-json\/wp\/v2\/pages\/278\/revisions"}],"up":[{"embeddable":true,"href":"https:\/\/trancescience.org\/fr\/wp-json\/wp\/v2\/pages\/27"}],"wp:attachment":[{"href":"https:\/\/trancescience.org\/fr\/wp-json\/wp\/v2\/media?parent=278"}],"curies":[{"name":"wp","href":"https:\/\/api.w.org\/{rel}","templated":true}]}}