{"id":2,"date":"2021-02-19T21:10:41","date_gmt":"2021-02-19T20:10:41","guid":{"rendered":"http:\/\/localhost\/sites\/ressources\/wordpress_monolingue_fr\/?page_id=2"},"modified":"2025-08-21T10:57:40","modified_gmt":"2025-08-21T09:57:40","slug":"accueil","status":"publish","type":"page","link":"https:\/\/trancescience.org\/fr\/","title":{"rendered":"Accueil"},"content":{"rendered":"<h1><span class=\"uk-text-primary\">Trance<\/span>Science<br \/>Research Institute<\/h1>\n<div>\n<p>Recherche scientifique sur les \u00e9tats de transe et leurs applications pour le bien-\u00eatre et la cr\u00e9ativit\u00e9<\/p>\n<\/div>\n<p>\n    <a href=\"\/fr\/recherche\/\">Explorer<\/a>\n<\/p>\n<p><img decoding=\"async\" src=\"\/wp-content\/uploads\/TranceScience-Sign-brain-01.png\" alt=\"Sign - Brain\"><\/p>\n<ul>\n<li>\n<p>        <img decoding=\"async\" src=\"\/wp-content\/uploads\/TranceScience-PET-scan-CHU-de-Liege-01.jpg\" alt=\"PET scan at CHU de Liege\"><\/p>\n<h2>Recherche<\/h2>\n<div>\n<p><strong><span class=\"uk-text-primary\">Trance<\/span>Science<\/strong> effectue des recherches scientifiques sur les \u00e9tats de transe, tout en explorant ses applications potentielles dans divers domaines<\/p>\n<\/div>\n<p><a href=\"\/fr\/recherche\/\">Lire la suite<\/a><\/p>\n<\/li>\n<li>\n<p>        <img decoding=\"async\" src=\"\/wp-content\/uploads\/Corine-Sombrun-Nadine-Kreisberger-Conference-Google-Talks-2017.11.03.jpg\" alt=\"Corine Sombrun &#038; Nadine Kreisberger - Conference Google Talks - 03\/11\/2017\"><\/p>\n<h2>Conf\u00e9rences<\/h2>\n<div>\n<p><strong><span class=\"uk-text-primary\">Trance<\/span>Science<\/strong> organise des conf\u00e9rences et des webinaires sur la transe de type TCAI (Transe Cognitive Auto-Induite) et ses applications.<\/p>\n<\/div>\n<p><a href=\"\/fr\/evenements\/\">Lire la suite<\/a><\/p>\n<\/li>\n<\/ul>\n<div>\n<p>\u00c0 propos de l&rsquo;Institut de Recherche TranceScience<\/p>\n<\/div>\n<h2>Recherche fondamentale sur la structure et l&rsquo;activit\u00e9 c\u00e9r\u00e9brales<\/h2>\n<div>\n<p>Les \u00e9tats de transe sont pratiqu\u00e9s depuis des mill\u00e9naires dans la plupart des cultures humaines, fournissant aide et soins aux communaut\u00e9s. Aujourd&rsquo;hui, les neurosciences red\u00e9couvrent ces \u00e9tats en tant que capacit\u00e9s fondamentales du cerveau humain, avec des impacts potentiellement puissants pour notre bien-\u00eatre et notre cr\u00e9ativit\u00e9.<\/p>\n<p><strong><span class=\"uk-text-primary\">Trance<\/span>Science<\/strong> est \u00e0 l&rsquo;avant-garde de cette int\u00e9gration de la sagesse ancienne et de la science contemporaine, avec trois th\u00e9matiques : la recherche fondamentale sur les \u00e9tats de transe et plus particuli\u00e8rement de la transe de type TCAI (Transe Cognitive Auto-Induite), l&rsquo;exploration de ses applications psychologiques, psychiatriques, th\u00e9rapeutiques et cr\u00e9atives, l&rsquo;enseignement et la formation de personnes et de groupes de personnes afin d&rsquo;acc\u00e9der \u00e0 ces \u00e9tats par la seule volont\u00e9 et sans recourir \u00e0 des substances ou des stimuli externes.<\/p>\n<\/div>\n<p>\n    <a href=\"\/fr\/a-propos\/\">En savoir +<\/a>\n<\/p>\n<h2>Besoin de plus d&rsquo;informations ?<\/h2>\n<div>\n<p><span>N&rsquo;h\u00e9sitez pas \u00e0 nous adresser vos demandes<\/span><\/p>\n<\/div>\n<p>\n    <a href=\"\/fr\/nous-contacter\/\">Nous contacter<\/a>\n<\/p>\n<h2>Envie de nous soutenir ?<\/h2>\n<div>\n<p><span>Vous pouvez nous aider gr\u00e2ce \u00e0 un don en ligne et 100% s\u00e9curis\u00e9<\/span><\/p>\n<\/div>\n<p>\n    <a href=\"\/fr\/nous-soutenir\/\">Faire un don<\/a>\n<\/p>\n<p><!--more--><br \/>\n<!-- {\"name\":\"Page EN \\\"Home\\\" (v. 1a)\",\"type\":\"layout\",\"children\":[{\"name\":\"Hero\",\"type\":\"section\",\"props\":{\"animation\":\"slide-left-medium\",\"animation_delay\":false,\"image\":\"\",\"image_position\":\"center-center\",\"image_size\":\"cover\",\"padding\":\"large\",\"style\":\"default\",\"title_breakpoint\":\"xl\",\"title_position\":\"top-left\",\"title_rotation\":\"left\",\"vertical_align\":\"middle\",\"width\":\"default\"},\"children\":[{\"name\":\"\",\"type\":\"row\",\"props\":{\"column_gap\":\"large\",\"layout\":\"1-2,1-2\",\"row_gap\":\"large\",\"vertical_align\":true},\"children\":[{\"name\":\"\",\"type\":\"column\",\"props\":{\"image_position\":\"center-center\",\"media_overlay_gradient\":\"\",\"position_sticky_breakpoint\":\"m\",\"vertical_align\":\"middle\",\"width_medium\":\"1-2\"},\"children\":[{\"name\":\"\",\"type\":\"headline\",\"props\":{\"block_align\":\"center\",\"content\":\"<span class=\\\"uk-text-primary\\\">Trance<\\\/span>Science<br \\\/>Research Institute\",\"margin_remove_top\":false,\"maxwidth\":\"xlarge\",\"text_align\":\"left\",\"text_align_breakpoint\":\"m\",\"text_align_fallback\":\"center\",\"title_element\":\"h1\"}},{\"name\":\"\",\"type\":\"text\",\"props\":{\"block_align_breakpoint\":\"m\",\"block_align_fallback\":\"center\",\"column_breakpoint\":\"m\",\"content\":\"\n\n<p>Recherche scientifique sur les \\u00e9tats de transe et leurs applications pour le bien-\\u00eatre et la cr\\u00e9ativit\\u00e9<\\\/p>\",\"margin\":\"default\",\"maxwidth\":\"xlarge\",\"text_align\":\"left\",\"text_align_breakpoint\":\"m\",\"text_align_fallback\":\"center\"}},{\"name\":\"\",\"type\":\"button\",\"props\":{\"grid_column_gap\":\"small\",\"grid_row_gap\":\"small\",\"margin\":\"large\",\"text_align\":\"left\",\"text_align_breakpoint\":\"m\",\"text_align_fallback\":\"center\"},\"children\":[{\"name\":\"\",\"type\":\"button_item\",\"props\":{\"button_style\":\"primary\",\"content\":\"Explorer\",\"icon_align\":\"left\",\"link\":\"fr\\\/recherche\\\/\",\"link_title\":\"Explore\"}}]}]},{\"name\":\"\",\"type\":\"column\",\"props\":{\"image_position\":\"center-center\",\"media_overlay_gradient\":\"\",\"position_sticky_breakpoint\":\"m\",\"vertical_align\":\"middle\",\"width_medium\":\"1-2\"},\"children\":[{\"name\":\"\",\"type\":\"image\",\"props\":{\"animation\":\"slide-right\",\"image\":\"wp-content\\\/uploads\\\/TranceScience-Sign-brain-01.png\",\"image_alt\":\"Sign - Brain\",\"image_svg_color\":\"emphasis\",\"image_width\":\"440\",\"margin\":\"default\",\"text_align\":\"center\"}}]}]}]},{\"name\":\"Features\",\"type\":\"section\",\"props\":{\"animation\":\"slide-left-medium\",\"animation_delay\":\"200\",\"image_position\":\"center-center\",\"image_size\":\"cover\",\"padding\":\"large\",\"padding_remove_bottom\":false,\"style\":\"muted\",\"title_breakpoint\":\"xl\",\"title_position\":\"top-left\",\"title_rotation\":\"left\",\"vertical_align\":\"middle\",\"width\":\"default\"},\"children\":[{\"name\":\"\",\"type\":\"row\",\"props\":{\"margin\":\"xlarge\"},\"children\":[{\"name\":\"\",\"type\":\"column\",\"props\":{\"image_position\":\"center-center\",\"media_overlay_gradient\":\"\",\"position_sticky_breakpoint\":\"m\",\"width_medium\":\"1-1\"},\"children\":[{\"type\":\"grid\",\"props\":{\"content_column_breakpoint\":\"m\",\"filter_align\":\"left\",\"filter_all\":true,\"filter_grid_breakpoint\":\"m\",\"filter_grid_width\":\"auto\",\"filter_position\":\"top\",\"filter_style\":\"tab\",\"grid_default\":\"1\",\"grid_medium\":\"\",\"grid_small\":\"2\",\"icon_width\":80,\"image_align\":\"top\",\"image_grid_breakpoint\":\"m\",\"image_grid_width\":\"1-2\",\"image_height\":\"720\",\"image_svg_color\":\"emphasis\",\"image_width\":\"1280\",\"item_animation\":true,\"link_style\":\"primary\",\"link_text\":\"Lire la suite\",\"margin\":\"default\",\"meta_align\":\"below-title\",\"meta_element\":\"div\",\"meta_style\":\"text-meta\",\"parallax_easing\":\"1\",\"show_content\":true,\"show_image\":true,\"show_link\":true,\"show_meta\":true,\"show_title\":true,\"text_align\":\"center\",\"title_align\":\"top\",\"title_element\":\"h2\",\"title_grid_breakpoint\":\"m\",\"title_grid_width\":\"1-2\",\"title_hover_style\":\"reset\",\"title_style\":\"h3\"},\"children\":[{\"type\":\"grid_item\",\"props\":{\"content\":\"\n\n<p><strong><span class=\\\"uk-text-primary\\\">Trance<\\\/span>Science<\\\/strong> effectue des recherches scientifiques sur les \\u00e9tats de transe, tout en explorant ses applications potentielles dans divers domaines<\\\/p>\",\"image\":\"wp-content\\\/uploads\\\/TranceScience-PET-scan-CHU-de-Liege-01.jpg\",\"image_alt\":\"PET scan at CHU de Liege\",\"link\":\"fr\\\/recherche\\\/\",\"title\":\"Recherche\"}},{\"type\":\"grid_item\",\"props\":{\"content\":\"\n\n<p><strong><span class=\\\"uk-text-primary\\\">Trance<\\\/span>Science<\\\/strong> organise des conf\\u00e9rences et des webinaires sur la transe de type TCAI (Transe Cognitive Auto-Induite) et ses applications.<\\\/p>\",\"image\":\"wp-content\\\/uploads\\\/Corine-Sombrun-Nadine-Kreisberger-Conference-Google-Talks-2017.11.03.jpg\",\"image_alt\":\"Corine Sombrun & Nadine Kreisberger - Conference Google Talks - 03\\\/11\\\/2017\",\"link\":\"fr\\\/evenements\\\/\",\"title\":\"Conf\\u00e9rences\"}}]}]}]}]},{\"type\":\"section\",\"props\":{\"css\":\".el-section > [class*='uk-background-'] { min-height: 35vh; }\",\"image\":\"wp-content\\\/uploads\\\/TranceScience-Banner-half-height-01.jpg\",\"image_effect\":\"parallax\",\"image_parallax_bgy\":\"100,-100\",\"image_parallax_breakpoint\":\"m\",\"image_parallax_easing\":\"1\",\"image_position\":\"center-center\",\"image_size\":\"cover\",\"image_width\":\"2560\",\"padding\":\"large\",\"style\":\"default\",\"title_breakpoint\":\"xl\",\"title_position\":\"top-left\",\"title_rotation\":\"left\",\"vertical_align\":\"middle\",\"width\":\"default\"},\"children\":[{\"type\":\"row\",\"children\":[{\"type\":\"column\",\"props\":{\"image_position\":\"center-center\",\"media_overlay_gradient\":\"\",\"position_sticky_breakpoint\":\"m\",\"width_medium\":\"1-1\"},\"children\":[]}]}],\"name\":\"Image\"},{\"name\":\"\\u00c0 propos\",\"type\":\"section\",\"props\":{\"animation\":\"slide-right-medium\",\"image\":\"\",\"image_position\":\"top-center\",\"image_size\":\"cover\",\"image_width\":\"2560\",\"media_overlay\":\"rgba(0,0,0,0)\",\"media_visibility\":\"m\",\"padding\":\"large\",\"style\":\"default\",\"title_breakpoint\":\"xl\",\"title_position\":\"top-left\",\"title_rotation\":\"left\",\"vertical_align\":\"middle\",\"width\":\"default\"},\"children\":[{\"name\":\"\",\"type\":\"row\",\"props\":{\"column_gap\":\"large\",\"row_gap\":\"large\"},\"children\":[{\"name\":\"\",\"type\":\"column\",\"props\":{\"image_position\":\"center-center\",\"media_overlay_gradient\":\"\",\"position_sticky_breakpoint\":\"m\",\"width_medium\":\"\"},\"children\":[{\"type\":\"text\",\"props\":{\"column_breakpoint\":\"m\",\"content\":\"\n\n<p>\\u00c0 propos de l'Institut de Recherche TranceScience<\\\/p>\",\"margin\":\"default\",\"text_align\":\"center\",\"text_color\":\"primary\",\"text_style\":\"meta\"}},{\"name\":\"\",\"type\":\"headline\",\"props\":{\"block_align\":\"center\",\"content\":\"Recherche fondamentale sur la structure et l'activit\\u00e9 c\\u00e9r\\u00e9brales\",\"margin\":\"medium\",\"margin_remove_top\":true,\"maxwidth\":\"xlarge\",\"text_align\":\"center\",\"title_element\":\"h2\",\"title_style\":\"h1\"}},{\"name\":\"\",\"type\":\"text\",\"props\":{\"block_align\":\"center\",\"column_breakpoint\":\"m\",\"content\":\"\n\n<p>Les \\u00e9tats de transe sont pratiqu\\u00e9s depuis des mill\\u00e9naires dans la plupart des cultures humaines, fournissant aide et soins aux communaut\\u00e9s. Aujourd'hui, les neurosciences red\\u00e9couvrent ces \\u00e9tats en tant que capacit\\u00e9s fondamentales du cerveau humain, avec des impacts potentiellement puissants pour notre bien-\\u00eatre et notre cr\\u00e9ativit\\u00e9.<\\\/p>\\n\n\n<p><strong><span class=\\\"uk-text-primary\\\">Trance<\\\/span>Science<\\\/strong> est \\u00e0 l'avant-garde de cette int\\u00e9gration de la sagesse ancienne et de la science contemporaine, avec trois th\\u00e9matiques : la recherche fondamentale sur les \\u00e9tats de transe et plus particuli\\u00e8rement de la transe de type TCAI (Transe Cognitive Auto-Induite), l'exploration de ses applications psychologiques, psychiatriques, th\\u00e9rapeutiques et cr\\u00e9atives, l'enseignement et la formation de personnes et de groupes de personnes afin d'acc\\u00e9der \\u00e0 ces \\u00e9tats par la seule volont\\u00e9 et sans recourir \\u00e0 des substances ou des stimuli externes.<\\\/p>\",\"margin\":\"default\",\"maxwidth\":\"2xlarge\",\"text_align\":\"center\"}},{\"name\":\"\",\"type\":\"button\",\"props\":{\"block_align\":\"center\",\"grid_column_gap\":\"small\",\"grid_row_gap\":\"small\",\"margin\":\"large\",\"maxwidth\":\"xlarge\",\"text_align\":\"center\",\"text_align_fallback\":\"center\"},\"children\":[{\"name\":\"\",\"type\":\"button_item\",\"props\":{\"button_style\":\"primary\",\"content\":\"En savoir +\",\"icon_align\":\"left\",\"link\":\"fr\\\/a-propos\\\/\",\"link_title\":\"En savoir +\"}}]}]}]}]},{\"name\":\"Call to action\",\"type\":\"section\",\"props\":{\"animation\":\"slide-bottom-medium\",\"animation_delay\":\"200\",\"image_position\":\"center-center\",\"image_size\":\"cover\",\"padding\":\"large\",\"style\":\"muted\",\"title_breakpoint\":\"xl\",\"title_position\":\"top-left\",\"title_rotation\":\"left\",\"vertical_align\":\"middle\",\"width\":\"default\"},\"children\":[{\"name\":\"\",\"type\":\"row\",\"props\":{\"divider\":true,\"layout\":\"1-2,1-2\"},\"children\":[{\"name\":\"\",\"type\":\"column\",\"props\":{\"image_position\":\"center-center\",\"media_overlay_gradient\":\"\",\"position_sticky_breakpoint\":\"m\",\"width_medium\":\"1-2\"},\"children\":[{\"name\":\"\",\"type\":\"headline\",\"props\":{\"content\":\"Besoin de plus d'informations ?\",\"text_align\":\"center\",\"title_element\":\"h2\",\"title_style\":\"h3\"}},{\"name\":\"\",\"type\":\"text\",\"props\":{\"column_breakpoint\":\"m\",\"content\":\"\n\n<p><span>N'h\\u00e9sitez pas \\u00e0 nous adresser vos demandes<\\\/span><\\\/p>\",\"margin\":\"default\",\"text_align\":\"center\"}},{\"name\":\"\",\"type\":\"button\",\"props\":{\"grid_column_gap\":\"small\",\"grid_row_gap\":\"small\",\"margin\":\"default\",\"text_align\":\"center\"},\"children\":[{\"name\":\"\",\"type\":\"button_item\",\"props\":{\"button_style\":\"primary\",\"content\":\"Nous contacter\",\"icon_align\":\"left\",\"link\":\"fr\\\/nous-contacter\\\/\",\"link_title\":\"Nous contacter\"}}]}]},{\"name\":\"\",\"type\":\"column\",\"props\":{\"image_position\":\"center-center\",\"media_overlay_gradient\":\"\",\"position_sticky_breakpoint\":\"m\",\"width_medium\":\"1-2\"},\"children\":[{\"name\":\"\",\"type\":\"headline\",\"props\":{\"content\":\"Envie de nous soutenir ?\",\"text_align\":\"center\",\"title_element\":\"h2\",\"title_style\":\"h3\"}},{\"name\":\"\",\"type\":\"text\",\"props\":{\"column_breakpoint\":\"m\",\"content\":\"\n\n<p><span>Vous pouvez nous aider gr\\u00e2ce \\u00e0 un don en ligne et 100% s\\u00e9curis\\u00e9<\\\/span><\\\/p>\",\"margin\":\"default\",\"text_align\":\"center\"}},{\"name\":\"\",\"type\":\"button\",\"props\":{\"grid_column_gap\":\"small\",\"grid_row_gap\":\"small\",\"margin\":\"default\",\"text_align\":\"center\"},\"children\":[{\"name\":\"\",\"type\":\"button_item\",\"props\":{\"button_style\":\"primary\",\"content\":\"Faire un don\",\"icon_align\":\"left\",\"link\":\"fr\\\/nous-soutenir\\\/\",\"link_title\":\"Faire un don\"}}]}]}]}],\"modified\":\"2021-03-13T12:16:37.863Z\"}],\"version\":\"3.0.19\"} --><\/p>\n","protected":false},"excerpt":{"rendered":"<p>TranceScienceResearch Institute Recherche scientifique sur les \u00e9tats de transe et leurs applications pour le bien-\u00eatre et la cr\u00e9ativit\u00e9 Explorer Recherche TranceScience effectue des recherches scientifiques sur les \u00e9tats de transe, tout en explorant ses applications potentielles dans divers domaines Lire la suite Conf\u00e9rences TranceScience organise des conf\u00e9rences et des webinaires sur la transe de type [&hellip;]<\/p>\n","protected":false},"author":5,"featured_media":0,"parent":0,"menu_order":0,"comment_status":"closed","ping_status":"closed","template":"","meta":{"footnotes":""},"class_list":["post-2","page","type-page","status-publish","hentry"],"yoast_head":"<!-- This site is optimized with the Yoast SEO plugin v27.3 - https:\/\/yoast.com\/product\/yoast-seo-wordpress\/ -->\n<title>TranceScience Research Institute - Paris, France<\/title>\n<meta name=\"description\" content=\"Recherche scientifique, formation universitaire et conf\u00e9rences sur les \u00e9tats de transe, la transe cognitive auto-induite et leurs applications pour le bien-\u00eatre et la cr\u00e9ativit\u00e9.\" \/>\n<meta name=\"robots\" content=\"index, follow, max-snippet:-1, max-image-preview:large, max-video-preview:-1\" \/>\n<link rel=\"canonical\" href=\"https:\/\/trancescience.org\/fr\/\" \/>\n<meta property=\"og:locale\" content=\"fr_FR\" \/>\n<meta property=\"og:type\" content=\"article\" \/>\n<meta property=\"og:title\" content=\"TranceScience Research Institute - Paris, France\" \/>\n<meta property=\"og:description\" content=\"Recherche scientifique, formation universitaire et conf\u00e9rences sur les \u00e9tats de transe, la transe cognitive auto-induite et leurs applications pour le bien-\u00eatre et la cr\u00e9ativit\u00e9.\" \/>\n<meta property=\"og:url\" content=\"https:\/\/trancescience.org\/fr\/\" \/>\n<meta property=\"og:site_name\" content=\"TranceScience\" \/>\n<meta property=\"article:modified_time\" content=\"2025-08-21T09:57:40+00:00\" \/>\n<meta name=\"twitter:card\" content=\"summary_large_image\" \/>\n<meta name=\"twitter:label1\" content=\"Dur\u00e9e de lecture estim\u00e9e\" \/>\n\t<meta name=\"twitter:data1\" content=\"4 minutes\" \/>\n<script type=\"application\/ld+json\" class=\"yoast-schema-graph\">{\"@context\":\"https:\\\/\\\/schema.org\",\"@graph\":[{\"@type\":\"WebPage\",\"@id\":\"https:\\\/\\\/trancescience.org\\\/fr\\\/\",\"url\":\"https:\\\/\\\/trancescience.org\\\/fr\\\/\",\"name\":\"TranceScience Research Institute - Paris, France\",\"isPartOf\":{\"@id\":\"https:\\\/\\\/trancescience.org\\\/fr\\\/#website\"},\"datePublished\":\"2021-02-19T20:10:41+00:00\",\"dateModified\":\"2025-08-21T09:57:40+00:00\",\"description\":\"Recherche scientifique, formation universitaire et conf\u00e9rences sur les \u00e9tats de transe, la transe cognitive auto-induite et leurs applications pour le bien-\u00eatre et la cr\u00e9ativit\u00e9.\",\"breadcrumb\":{\"@id\":\"https:\\\/\\\/trancescience.org\\\/fr\\\/#breadcrumb\"},\"inLanguage\":\"fr-FR\",\"potentialAction\":[{\"@type\":\"ReadAction\",\"target\":[\"https:\\\/\\\/trancescience.org\\\/fr\\\/\"]}]},{\"@type\":\"BreadcrumbList\",\"@id\":\"https:\\\/\\\/trancescience.org\\\/fr\\\/#breadcrumb\",\"itemListElement\":[{\"@type\":\"ListItem\",\"position\":1,\"name\":\"Accueil\",\"item\":\"https:\\\/\\\/trancescience.org\\\/fr\\\/\"},{\"@type\":\"ListItem\",\"position\":2,\"name\":\"Accueil\"}]},{\"@type\":\"WebSite\",\"@id\":\"https:\\\/\\\/trancescience.org\\\/fr\\\/#website\",\"url\":\"https:\\\/\\\/trancescience.org\\\/fr\\\/\",\"name\":\"TranceScience\",\"description\":\"\",\"publisher\":{\"@id\":\"https:\\\/\\\/trancescience.org\\\/fr\\\/#organization\"},\"potentialAction\":[{\"@type\":\"SearchAction\",\"target\":{\"@type\":\"EntryPoint\",\"urlTemplate\":\"https:\\\/\\\/trancescience.org\\\/fr\\\/?s={search_term_string}\"},\"query-input\":{\"@type\":\"PropertyValueSpecification\",\"valueRequired\":true,\"valueName\":\"search_term_string\"}}],\"inLanguage\":\"fr-FR\"},{\"@type\":\"Organization\",\"@id\":\"https:\\\/\\\/trancescience.org\\\/fr\\\/#organization\",\"name\":\"TranceScience Research Institute\",\"url\":\"https:\\\/\\\/trancescience.org\\\/fr\\\/\",\"logo\":{\"@type\":\"ImageObject\",\"inLanguage\":\"fr-FR\",\"@id\":\"https:\\\/\\\/trancescience.org\\\/fr\\\/#\\\/schema\\\/logo\\\/image\\\/\",\"url\":\"https:\\\/\\\/trancescience.org\\\/wp-content\\\/uploads\\\/TranceScience-Logo-horizontal-rectangle.png\",\"contentUrl\":\"https:\\\/\\\/trancescience.org\\\/wp-content\\\/uploads\\\/TranceScience-Logo-horizontal-rectangle.png\",\"width\":960,\"height\":640,\"caption\":\"TranceScience Research Institute\"},\"image\":{\"@id\":\"https:\\\/\\\/trancescience.org\\\/fr\\\/#\\\/schema\\\/logo\\\/image\\\/\"}}]}<\/script>\n<!-- \/ Yoast SEO plugin. -->","yoast_head_json":{"title":"TranceScience Research Institute - Paris, France","description":"Recherche scientifique, formation universitaire et conf\u00e9rences sur les \u00e9tats de transe, la transe cognitive auto-induite et leurs applications pour le bien-\u00eatre et la cr\u00e9ativit\u00e9.","robots":{"index":"index","follow":"follow","max-snippet":"max-snippet:-1","max-image-preview":"max-image-preview:large","max-video-preview":"max-video-preview:-1"},"canonical":"https:\/\/trancescience.org\/fr\/","og_locale":"fr_FR","og_type":"article","og_title":"TranceScience Research Institute - Paris, France","og_description":"Recherche scientifique, formation universitaire et conf\u00e9rences sur les \u00e9tats de transe, la transe cognitive auto-induite et leurs applications pour le bien-\u00eatre et la cr\u00e9ativit\u00e9.","og_url":"https:\/\/trancescience.org\/fr\/","og_site_name":"TranceScience","article_modified_time":"2025-08-21T09:57:40+00:00","twitter_card":"summary_large_image","twitter_misc":{"Dur\u00e9e de lecture estim\u00e9e":"4 minutes"},"schema":{"@context":"https:\/\/schema.org","@graph":[{"@type":"WebPage","@id":"https:\/\/trancescience.org\/fr\/","url":"https:\/\/trancescience.org\/fr\/","name":"TranceScience Research Institute - Paris, France","isPartOf":{"@id":"https:\/\/trancescience.org\/fr\/#website"},"datePublished":"2021-02-19T20:10:41+00:00","dateModified":"2025-08-21T09:57:40+00:00","description":"Recherche scientifique, formation universitaire et conf\u00e9rences sur les \u00e9tats de transe, la transe cognitive auto-induite et leurs applications pour le bien-\u00eatre et la cr\u00e9ativit\u00e9.","breadcrumb":{"@id":"https:\/\/trancescience.org\/fr\/#breadcrumb"},"inLanguage":"fr-FR","potentialAction":[{"@type":"ReadAction","target":["https:\/\/trancescience.org\/fr\/"]}]},{"@type":"BreadcrumbList","@id":"https:\/\/trancescience.org\/fr\/#breadcrumb","itemListElement":[{"@type":"ListItem","position":1,"name":"Accueil","item":"https:\/\/trancescience.org\/fr\/"},{"@type":"ListItem","position":2,"name":"Accueil"}]},{"@type":"WebSite","@id":"https:\/\/trancescience.org\/fr\/#website","url":"https:\/\/trancescience.org\/fr\/","name":"TranceScience","description":"","publisher":{"@id":"https:\/\/trancescience.org\/fr\/#organization"},"potentialAction":[{"@type":"SearchAction","target":{"@type":"EntryPoint","urlTemplate":"https:\/\/trancescience.org\/fr\/?s={search_term_string}"},"query-input":{"@type":"PropertyValueSpecification","valueRequired":true,"valueName":"search_term_string"}}],"inLanguage":"fr-FR"},{"@type":"Organization","@id":"https:\/\/trancescience.org\/fr\/#organization","name":"TranceScience Research Institute","url":"https:\/\/trancescience.org\/fr\/","logo":{"@type":"ImageObject","inLanguage":"fr-FR","@id":"https:\/\/trancescience.org\/fr\/#\/schema\/logo\/image\/","url":"https:\/\/trancescience.org\/wp-content\/uploads\/TranceScience-Logo-horizontal-rectangle.png","contentUrl":"https:\/\/trancescience.org\/wp-content\/uploads\/TranceScience-Logo-horizontal-rectangle.png","width":960,"height":640,"caption":"TranceScience Research Institute"},"image":{"@id":"https:\/\/trancescience.org\/fr\/#\/schema\/logo\/image\/"}}]}},"_links":{"self":[{"href":"https:\/\/trancescience.org\/fr\/wp-json\/wp\/v2\/pages\/2","targetHints":{"allow":["GET"]}}],"collection":[{"href":"https:\/\/trancescience.org\/fr\/wp-json\/wp\/v2\/pages"}],"about":[{"href":"https:\/\/trancescience.org\/fr\/wp-json\/wp\/v2\/types\/page"}],"author":[{"embeddable":true,"href":"https:\/\/trancescience.org\/fr\/wp-json\/wp\/v2\/users\/5"}],"replies":[{"embeddable":true,"href":"https:\/\/trancescience.org\/fr\/wp-json\/wp\/v2\/comments?post=2"}],"version-history":[{"count":0,"href":"https:\/\/trancescience.org\/fr\/wp-json\/wp\/v2\/pages\/2\/revisions"}],"wp:attachment":[{"href":"https:\/\/trancescience.org\/fr\/wp-json\/wp\/v2\/media?parent=2"}],"curies":[{"name":"wp","href":"https:\/\/api.w.org\/{rel}","templated":true}]}}